{"id":3606,"date":"2022-06-27T10:18:08","date_gmt":"2022-06-27T10:18:08","guid":{"rendered":"https:\/\/ornamentesque.com\/ee-uu\/"},"modified":"2023-03-17T16:40:28","modified_gmt":"2023-03-17T16:40:28","slug":"atelier-etats-unis","status":"publish","type":"page","link":"https:\/\/ornamentesque.com\/fr\/atelier-etats-unis\/","title":{"rendered":"USA"},"content":{"rendered":"\t\t<div data-elementor-type=\"wp-page\" data-elementor-id=\"3606\" class=\"elementor elementor-3606 elementor-49\" data-elementor-post-type=\"page\">\n\t\t\t\t\t\t<section class=\"elementor-section elementor-top-section elementor-element elementor-element-d6ecef3 elementor-section-full_width elementor-section-content-top elementor-section-height-default elementor-section-height-default\" data-id=\"d6ecef3\" data-element_type=\"section\" data-e-type=\"section\">\n\t\t\t\t\t\t<div class=\"elementor-container elementor-column-gap-default\">\n\t\t\t\t\t<div class=\"elementor-column elementor-col-50 elementor-top-column elementor-element elementor-element-25b5689b\" data-id=\"25b5689b\" data-element_type=\"column\" data-e-type=\"column\">\n\t\t\t<div class=\"elementor-widget-wrap elementor-element-populated\">\n\t\t\t\t\t\t<div class=\"elementor-element elementor-element-e9bd848 blanconegro elementor-widget elementor-widget-image\" data-id=\"e9bd848\" data-element_type=\"widget\" data-e-type=\"widget\" data-widget_type=\"image.default\">\n\t\t\t\t<div class=\"elementor-widget-container\">\n\t\t\t\t\t\t\t\t\t\t\t\t\t\t\t<img fetchpriority=\"high\" decoding=\"async\" width=\"1500\" height=\"2000\" src=\"https:\/\/ornamentesque.com\/wp-content\/uploads\/2022\/09\/workshop-ornamentesque-united-states.jpg\" class=\"attachment-full size-full wp-image-3413\" alt=\"Atelier \u00c9tats-Unis\" srcset=\"https:\/\/ornamentesque.com\/wp-content\/uploads\/2022\/09\/workshop-ornamentesque-united-states.jpg 1500w, https:\/\/ornamentesque.com\/wp-content\/uploads\/2022\/09\/workshop-ornamentesque-united-states-225x300.jpg 225w, https:\/\/ornamentesque.com\/wp-content\/uploads\/2022\/09\/workshop-ornamentesque-united-states-768x1024.jpg 768w, https:\/\/ornamentesque.com\/wp-content\/uploads\/2022\/09\/workshop-ornamentesque-united-states-1152x1536.jpg 1152w\" sizes=\"(max-width: 1500px) 100vw, 1500px\" \/>\t\t\t\t\t\t\t\t\t\t\t\t\t\t\t<\/div>\n\t\t\t\t<\/div>\n\t\t\t\t\t<\/div>\n\t\t<\/div>\n\t\t\t\t<div class=\"elementor-column elementor-col-50 elementor-top-column elementor-element elementor-element-74f1c394\" data-id=\"74f1c394\" data-element_type=\"column\" data-e-type=\"column\">\n\t\t\t<div class=\"elementor-widget-wrap elementor-element-populated\">\n\t\t\t\t\t\t<div class=\"elementor-element elementor-element-35811cd7 elementor-widget elementor-widget-heading\" data-id=\"35811cd7\" data-element_type=\"widget\" data-e-type=\"widget\" id=\"enlace\" data-widget_type=\"heading.default\">\n\t\t\t\t<div class=\"elementor-widget-container\">\n\t\t\t\t\t<span class=\"elementor-heading-title elementor-size-default\"><a href=\"https:\/\/ornamentesque.com\/fr\/sculpture-sur-bois-comme-forme-art\/\">USA<\/a><\/span>\t\t\t\t<\/div>\n\t\t\t\t<\/div>\n\t\t\t\t<div class=\"elementor-element elementor-element-25de9676 elementor-widget elementor-widget-heading\" data-id=\"25de9676\" data-element_type=\"widget\" data-e-type=\"widget\" data-widget_type=\"heading.default\">\n\t\t\t\t<div class=\"elementor-widget-container\">\n\t\t\t\t\t<h1 class=\"elementor-heading-title elementor-size-default\">Atelier<br>\nOrnamentesque<br>\n\u00c9tats-Unis<\/h1>\t\t\t\t<\/div>\n\t\t\t\t<\/div>\n\t\t\t\t<div class=\"elementor-element elementor-element-4bda2cc elementor-widget elementor-widget-heading\" data-id=\"4bda2cc\" data-element_type=\"widget\" data-e-type=\"widget\" id=\"artist\" data-widget_type=\"heading.default\">\n\t\t\t\t<div class=\"elementor-widget-container\">\n\t\t\t\t\t<h2 class=\"elementor-heading-title elementor-size-default\"><a href=\"https:\/\/ornamentesque.com\/fr\/sculpteur-sur-bois-patrick-burke\/\">PATRICK BURKE<\/a><\/h2>\t\t\t\t<\/div>\n\t\t\t\t<\/div>\n\t\t\t\t<div class=\"elementor-element elementor-element-e77fe68 elementor-widget elementor-widget-text-editor\" data-id=\"e77fe68\" data-element_type=\"widget\" data-e-type=\"widget\" data-widget_type=\"text-editor.default\">\n\t\t\t\t<div class=\"elementor-widget-container\">\n\t\t\t\t\t\t\t\t\t<p>Ornementesque US studios est id\u00e9alement situ\u00e9 \u00e0 deux heures au nord de Chicago sur les magnifiques rives du lac Michigan. Notre base centrale nous permet de desservir facilement toute l&rsquo;Am\u00e9rique du Nord et l&rsquo;\u00e9tranger.<\/p>\n<p>8703 Center Rd.<br \/>Newton WI 53063 (USA)<br \/>+1 ( 920) 242-1702<br \/><a href=\"mailto:burke@ornamentesque.com\">burke@ornamentesque.com<\/a><\/p>\n\t\t\t\t\t\t\t\t<\/div>\n\t\t\t\t<\/div>\n\t\t\t\t\t<\/div>\n\t\t<\/div>\n\t\t\t\t\t<\/div>\n\t\t<\/section>\n\t\t\t\t<\/div>\n\t\t","protected":false},"excerpt":{"rendered":"<p>USA Atelier Ornamentesque \u00c9tats-Unis PATRICK BURKE Ornementesque US studios est id\u00e9alement situ\u00e9 \u00e0 deux heures au nord de Chicago sur les magnifiques rives du lac Michigan. Notre base centrale nous permet de desservir facilement toute l&rsquo;Am\u00e9rique du Nord et l&rsquo;\u00e9tranger. 8703 Center Rd.Newton WI 53063 (USA)+1 ( 920) 242-1702burke@ornamentesque.com<\/p>\n","protected":false},"author":1,"featured_media":3413,"parent":0,"menu_order":0,"comment_status":"closed","ping_status":"closed","template":"","meta":{"footnotes":""},"class_list":["post-3606","page","type-page","status-publish","has-post-thumbnail","hentry"],"yoast_head":"<!-- This site is optimized with the Yoast SEO plugin v27.5 - https:\/\/yoast.com\/product\/yoast-seo-wordpress\/ -->\n<title>Atelier Ornamentesque \u00c9tats-Unis &#187; Ornamentesque<\/title>\n<meta name=\"description\" content=\"Atelier ornamentesque situ\u00e9 aux \u00c9tats-Unis. Sculpteur statuaire et ornemaniste sur bois Patrick Burke. D\u00e9coration sur bois et art du pl\u00e2tre.\" \/>\n<meta name=\"robots\" content=\"index, follow, max-snippet:-1, max-image-preview:large, max-video-preview:-1\" \/>\n<link rel=\"canonical\" href=\"https:\/\/ornamentesque.com\/fr\/atelier-etats-unis\/\" \/>\n<meta property=\"og:locale\" content=\"fr_FR\" \/>\n<meta property=\"og:type\" content=\"article\" \/>\n<meta property=\"og:title\" content=\"Atelier Ornamentesque \u00c9tats-Unis &#187; Ornamentesque\" \/>\n<meta property=\"og:description\" content=\"Atelier ornamentesque situ\u00e9 aux \u00c9tats-Unis. Sculpteur statuaire et ornemaniste sur bois Patrick Burke. D\u00e9coration sur bois et art du pl\u00e2tre.\" \/>\n<meta property=\"og:url\" content=\"https:\/\/ornamentesque.com\/fr\/atelier-etats-unis\/\" \/>\n<meta property=\"og:site_name\" content=\"Ornamentesque\" \/>\n<meta property=\"article:modified_time\" content=\"2023-03-17T16:40:28+00:00\" \/>\n<meta property=\"og:image\" content=\"https:\/\/ornamentesque.com\/wp-content\/uploads\/2022\/09\/workshop-ornamentesque-united-states.jpg\" \/>\n\t<meta property=\"og:image:width\" content=\"1500\" \/>\n\t<meta property=\"og:image:height\" content=\"2000\" \/>\n\t<meta property=\"og:image:type\" content=\"image\/jpeg\" \/>\n<meta name=\"twitter:card\" content=\"summary_large_image\" \/>\n<meta name=\"twitter:label1\" content=\"Dur\u00e9e de lecture estim\u00e9e\" \/>\n\t<meta name=\"twitter:data1\" content=\"1 minute\" \/>\n<!-- \/ Yoast SEO plugin. -->","yoast_head_json":{"title":"Atelier Ornamentesque \u00c9tats-Unis &#187; Ornamentesque","description":"Atelier ornamentesque situ\u00e9 aux \u00c9tats-Unis. Sculpteur statuaire et ornemaniste sur bois Patrick Burke. D\u00e9coration sur bois et art du pl\u00e2tre.","robots":{"index":"index","follow":"follow","max-snippet":"max-snippet:-1","max-image-preview":"max-image-preview:large","max-video-preview":"max-video-preview:-1"},"canonical":"https:\/\/ornamentesque.com\/fr\/atelier-etats-unis\/","og_locale":"fr_FR","og_type":"article","og_title":"Atelier Ornamentesque \u00c9tats-Unis &#187; Ornamentesque","og_description":"Atelier ornamentesque situ\u00e9 aux \u00c9tats-Unis. Sculpteur statuaire et ornemaniste sur bois Patrick Burke. D\u00e9coration sur bois et art du pl\u00e2tre.","og_url":"https:\/\/ornamentesque.com\/fr\/atelier-etats-unis\/","og_site_name":"Ornamentesque","article_modified_time":"2023-03-17T16:40:28+00:00","og_image":[{"width":1500,"height":2000,"url":"https:\/\/ornamentesque.com\/wp-content\/uploads\/2022\/09\/workshop-ornamentesque-united-states.jpg","type":"image\/jpeg"}],"twitter_card":"summary_large_image","twitter_misc":{"Dur\u00e9e de lecture estim\u00e9e":"1 minute"},"schema":{"@context":"https:\/\/schema.org","@graph":[{"@type":"WebPage","@id":"https:\/\/ornamentesque.com\/fr\/atelier-etats-unis\/","url":"https:\/\/ornamentesque.com\/fr\/atelier-etats-unis\/","name":"Atelier Ornamentesque \u00c9tats-Unis &#187; Ornamentesque","isPartOf":{"@id":"https:\/\/ornamentesque.com\/fr\/#website"},"primaryImageOfPage":{"@id":"https:\/\/ornamentesque.com\/fr\/atelier-etats-unis\/#primaryimage"},"image":{"@id":"https:\/\/ornamentesque.com\/fr\/atelier-etats-unis\/#primaryimage"},"thumbnailUrl":"https:\/\/ornamentesque.com\/wp-content\/uploads\/2022\/09\/workshop-ornamentesque-united-states.jpg","datePublished":"2022-06-27T10:18:08+00:00","dateModified":"2023-03-17T16:40:28+00:00","description":"Atelier ornamentesque situ\u00e9 aux \u00c9tats-Unis. Sculpteur statuaire et ornemaniste sur bois Patrick Burke. D\u00e9coration sur bois et art du pl\u00e2tre.","breadcrumb":{"@id":"https:\/\/ornamentesque.com\/fr\/atelier-etats-unis\/#breadcrumb"},"inLanguage":"fr-FR","potentialAction":[{"@type":"ReadAction","target":["https:\/\/ornamentesque.com\/fr\/atelier-etats-unis\/"]}]},{"@type":"ImageObject","inLanguage":"fr-FR","@id":"https:\/\/ornamentesque.com\/fr\/atelier-etats-unis\/#primaryimage","url":"https:\/\/ornamentesque.com\/wp-content\/uploads\/2022\/09\/workshop-ornamentesque-united-states.jpg","contentUrl":"https:\/\/ornamentesque.com\/wp-content\/uploads\/2022\/09\/workshop-ornamentesque-united-states.jpg","width":1500,"height":2000,"caption":"Atelier \u00c9tats-Unis"},{"@type":"BreadcrumbList","@id":"https:\/\/ornamentesque.com\/fr\/atelier-etats-unis\/#breadcrumb","itemListElement":[{"@type":"ListItem","position":1,"name":"Home","item":"https:\/\/ornamentesque.com\/fr\/langage-artistique\/"},{"@type":"ListItem","position":2,"name":"USA"}]},{"@type":"WebSite","@id":"https:\/\/ornamentesque.com\/fr\/#website","url":"https:\/\/ornamentesque.com\/fr\/","name":"Ornamentesque","description":"Une nouvelle approche et un nouveau langage artistique","publisher":{"@id":"https:\/\/ornamentesque.com\/fr\/#organization"},"potentialAction":[{"@type":"SearchAction","target":{"@type":"EntryPoint","urlTemplate":"https:\/\/ornamentesque.com\/fr\/?s={search_term_string}"},"query-input":{"@type":"PropertyValueSpecification","valueRequired":true,"valueName":"search_term_string"}}],"inLanguage":"fr-FR"},{"@type":"Organization","@id":"https:\/\/ornamentesque.com\/fr\/#organization","name":"Ornamentesque","url":"https:\/\/ornamentesque.com\/fr\/","logo":{"@type":"ImageObject","inLanguage":"fr-FR","@id":"https:\/\/ornamentesque.com\/fr\/#\/schema\/logo\/image\/","url":"https:\/\/ornamentesque.com\/wp-content\/uploads\/2022\/12\/ornamentesque-ornamenti-contrapposto.png","contentUrl":"https:\/\/ornamentesque.com\/wp-content\/uploads\/2022\/12\/ornamentesque-ornamenti-contrapposto.png","width":600,"height":667,"caption":"Ornamentesque"},"image":{"@id":"https:\/\/ornamentesque.com\/fr\/#\/schema\/logo\/image\/"}}]}},"_links":{"self":[{"href":"https:\/\/ornamentesque.com\/fr\/wp-json\/wp\/v2\/pages\/3606","targetHints":{"allow":["GET"]}}],"collection":[{"href":"https:\/\/ornamentesque.com\/fr\/wp-json\/wp\/v2\/pages"}],"about":[{"href":"https:\/\/ornamentesque.com\/fr\/wp-json\/wp\/v2\/types\/page"}],"author":[{"embeddable":true,"href":"https:\/\/ornamentesque.com\/fr\/wp-json\/wp\/v2\/users\/1"}],"replies":[{"embeddable":true,"href":"https:\/\/ornamentesque.com\/fr\/wp-json\/wp\/v2\/comments?post=3606"}],"version-history":[{"count":2,"href":"https:\/\/ornamentesque.com\/fr\/wp-json\/wp\/v2\/pages\/3606\/revisions"}],"predecessor-version":[{"id":4698,"href":"https:\/\/ornamentesque.com\/fr\/wp-json\/wp\/v2\/pages\/3606\/revisions\/4698"}],"wp:featuredmedia":[{"embeddable":true,"href":"https:\/\/ornamentesque.com\/fr\/wp-json\/wp\/v2\/media\/3413"}],"wp:attachment":[{"href":"https:\/\/ornamentesque.com\/fr\/wp-json\/wp\/v2\/media?parent=3606"}],"curies":[{"name":"wp","href":"https:\/\/api.w.org\/{rel}","templated":true}]}}