{"id":3608,"date":"2022-06-27T10:17:57","date_gmt":"2022-06-27T10:17:57","guid":{"rendered":"https:\/\/ornamentesque.com\/france\/"},"modified":"2022-12-14T11:04:37","modified_gmt":"2022-12-14T11:04:37","slug":"atelier-france","status":"publish","type":"page","link":"https:\/\/ornamentesque.com\/fr\/atelier-france\/","title":{"rendered":"France"},"content":{"rendered":"\t\t<div data-elementor-type=\"wp-page\" data-elementor-id=\"3608\" class=\"elementor elementor-3608 elementor-47\" data-elementor-post-type=\"page\">\n\t\t\t\t\t\t<section class=\"elementor-section elementor-top-section elementor-element elementor-element-657e5b80 elementor-section-full_width elementor-section-height-default elementor-section-height-default\" data-id=\"657e5b80\" data-element_type=\"section\" data-e-type=\"section\" id=\"bncolor\">\n\t\t\t\t\t\t<div class=\"elementor-container elementor-column-gap-default\">\n\t\t\t\t\t<div class=\"elementor-column elementor-col-50 elementor-top-column elementor-element elementor-element-40f063f5\" data-id=\"40f063f5\" data-element_type=\"column\" data-e-type=\"column\">\n\t\t\t<div class=\"elementor-widget-wrap elementor-element-populated\">\n\t\t\t\t\t\t<div class=\"elementor-element elementor-element-d805c92 blanconegro elementor-widget elementor-widget-image\" data-id=\"d805c92\" data-element_type=\"widget\" data-e-type=\"widget\" data-widget_type=\"image.default\">\n\t\t\t\t<div class=\"elementor-widget-container\">\n\t\t\t\t\t\t\t\t\t\t\t\t\t\t\t<img fetchpriority=\"high\" decoding=\"async\" width=\"1500\" height=\"2000\" src=\"https:\/\/ornamentesque.com\/wp-content\/uploads\/2022\/11\/workshop-ornamentesque-france.jpg\" class=\"attachment-full size-full wp-image-3453\" alt=\"Atelier France\" srcset=\"https:\/\/ornamentesque.com\/wp-content\/uploads\/2022\/11\/workshop-ornamentesque-france.jpg 1500w, https:\/\/ornamentesque.com\/wp-content\/uploads\/2022\/11\/workshop-ornamentesque-france-225x300.jpg 225w, https:\/\/ornamentesque.com\/wp-content\/uploads\/2022\/11\/workshop-ornamentesque-france-768x1024.jpg 768w, https:\/\/ornamentesque.com\/wp-content\/uploads\/2022\/11\/workshop-ornamentesque-france-1152x1536.jpg 1152w\" sizes=\"(max-width: 1500px) 100vw, 1500px\" \/>\t\t\t\t\t\t\t\t\t\t\t\t\t\t\t<\/div>\n\t\t\t\t<\/div>\n\t\t\t\t\t<\/div>\n\t\t<\/div>\n\t\t\t\t<div class=\"elementor-column elementor-col-50 elementor-top-column elementor-element elementor-element-acfad71\" data-id=\"acfad71\" data-element_type=\"column\" data-e-type=\"column\">\n\t\t\t<div class=\"elementor-widget-wrap elementor-element-populated\">\n\t\t\t\t\t\t<div class=\"elementor-element elementor-element-8134bb2 elementor-widget elementor-widget-heading\" data-id=\"8134bb2\" data-element_type=\"widget\" data-e-type=\"widget\" id=\"enlace\" data-widget_type=\"heading.default\">\n\t\t\t\t<div class=\"elementor-widget-container\">\n\t\t\t\t\t<span class=\"elementor-heading-title elementor-size-default\"><a href=\"https:\/\/ornamentesque.com\/fr\/sculpture-sur-bois-comme-forme-art\/\">FRANCE<\/a><\/span>\t\t\t\t<\/div>\n\t\t\t\t<\/div>\n\t\t\t\t<div class=\"elementor-element elementor-element-b3e52e8 elementor-widget elementor-widget-heading\" data-id=\"b3e52e8\" data-element_type=\"widget\" data-e-type=\"widget\" data-widget_type=\"heading.default\">\n\t\t\t\t<div class=\"elementor-widget-container\">\n\t\t\t\t\t<h1 class=\"elementor-heading-title elementor-size-default\">Atelier<br>\nOrnamentesque<br>\nFrance<\/h1>\t\t\t\t<\/div>\n\t\t\t\t<\/div>\n\t\t\t\t<div class=\"elementor-element elementor-element-bae5c6e elementor-widget elementor-widget-heading\" data-id=\"bae5c6e\" data-element_type=\"widget\" data-e-type=\"widget\" id=\"artist\" data-widget_type=\"heading.default\">\n\t\t\t\t<div class=\"elementor-widget-container\">\n\t\t\t\t\t<h2 class=\"elementor-heading-title elementor-size-default\"><a href=\"https:\/\/ornamentesque.com\/fr\/sculpteur-francais-pierre-nagel\/\">PIERRE NAGEL<\/a><\/h2>\t\t\t\t<\/div>\n\t\t\t\t<\/div>\n\t\t\t\t<div class=\"elementor-element elementor-element-b30ffcc elementor-widget elementor-widget-text-editor\" data-id=\"b30ffcc\" data-element_type=\"widget\" data-e-type=\"widget\" data-widget_type=\"text-editor.default\">\n\t\t\t\t<div class=\"elementor-widget-container\">\n\t\t\t\t\t\t\t\t\t<p>Le si\u00e8ge europ\u00e9en d&rsquo;Ornamentesque est situ\u00e9 au c\u0153ur du sud de la France, dans la magnifique ville historique m\u00e9di\u00e9vale d&rsquo;Avignon.<\/p>\n<p>1 Boulevard de Dianoux<br \/>84000 Avignon (France)<br \/>+33 633 357 591<br \/><a href=\"mailto:nagel@ornamentesque.com\">nagel@ornamentesque.com<\/a><\/p>\n\t\t\t\t\t\t\t\t<\/div>\n\t\t\t\t<\/div>\n\t\t\t\t\t<\/div>\n\t\t<\/div>\n\t\t\t\t\t<\/div>\n\t\t<\/section>\n\t\t\t\t<\/div>\n\t\t","protected":false},"excerpt":{"rendered":"<p>FRANCE Atelier Ornamentesque France PIERRE NAGEL Le si\u00e8ge europ\u00e9en d&rsquo;Ornamentesque est situ\u00e9 au c\u0153ur du sud de la France, dans la magnifique ville historique m\u00e9di\u00e9vale d&rsquo;Avignon. 1 Boulevard de Dianoux84000 Avignon (France)+33 633 357 591nagel@ornamentesque.com<\/p>\n","protected":false},"author":1,"featured_media":3453,"parent":0,"menu_order":0,"comment_status":"closed","ping_status":"closed","template":"","meta":{"footnotes":""},"class_list":["post-3608","page","type-page","status-publish","has-post-thumbnail","hentry"],"yoast_head":"<!-- This site is optimized with the Yoast SEO plugin v27.5 - https:\/\/yoast.com\/product\/yoast-seo-wordpress\/ -->\n<title>Atelier Ornementesque France | Pierre Nagel &#187; Ornamentesque<\/title>\n<meta name=\"description\" content=\"Atelier ornamentesque situ\u00e9 en France. Sculpteur et restaurateur Pierre Nagel. Sculpture sur bois et art du pl\u00e2tre.\" \/>\n<meta name=\"robots\" content=\"index, follow, max-snippet:-1, max-image-preview:large, max-video-preview:-1\" \/>\n<link rel=\"canonical\" href=\"https:\/\/ornamentesque.com\/fr\/atelier-france\/\" \/>\n<meta property=\"og:locale\" content=\"fr_FR\" \/>\n<meta property=\"og:type\" content=\"article\" \/>\n<meta property=\"og:title\" content=\"Atelier Ornementesque France | Pierre Nagel &#187; Ornamentesque\" \/>\n<meta property=\"og:description\" content=\"Atelier ornamentesque situ\u00e9 en France. Sculpteur et restaurateur Pierre Nagel. Sculpture sur bois et art du pl\u00e2tre.\" \/>\n<meta property=\"og:url\" content=\"https:\/\/ornamentesque.com\/fr\/atelier-france\/\" \/>\n<meta property=\"og:site_name\" content=\"Ornamentesque\" \/>\n<meta property=\"article:modified_time\" content=\"2022-12-14T11:04:37+00:00\" \/>\n<meta property=\"og:image\" content=\"https:\/\/ornamentesque.com\/wp-content\/uploads\/2022\/11\/workshop-ornamentesque-france.jpg\" \/>\n\t<meta property=\"og:image:width\" content=\"1500\" \/>\n\t<meta property=\"og:image:height\" content=\"2000\" \/>\n\t<meta property=\"og:image:type\" content=\"image\/jpeg\" \/>\n<meta name=\"twitter:card\" content=\"summary_large_image\" \/>\n<meta name=\"twitter:label1\" content=\"Dur\u00e9e de lecture estim\u00e9e\" \/>\n\t<meta name=\"twitter:data1\" content=\"1 minute\" \/>\n<!-- \/ Yoast SEO plugin. -->","yoast_head_json":{"title":"Atelier Ornementesque France | Pierre Nagel &#187; Ornamentesque","description":"Atelier ornamentesque situ\u00e9 en France. Sculpteur et restaurateur Pierre Nagel. Sculpture sur bois et art du pl\u00e2tre.","robots":{"index":"index","follow":"follow","max-snippet":"max-snippet:-1","max-image-preview":"max-image-preview:large","max-video-preview":"max-video-preview:-1"},"canonical":"https:\/\/ornamentesque.com\/fr\/atelier-france\/","og_locale":"fr_FR","og_type":"article","og_title":"Atelier Ornementesque France | Pierre Nagel &#187; Ornamentesque","og_description":"Atelier ornamentesque situ\u00e9 en France. Sculpteur et restaurateur Pierre Nagel. Sculpture sur bois et art du pl\u00e2tre.","og_url":"https:\/\/ornamentesque.com\/fr\/atelier-france\/","og_site_name":"Ornamentesque","article_modified_time":"2022-12-14T11:04:37+00:00","og_image":[{"width":1500,"height":2000,"url":"https:\/\/ornamentesque.com\/wp-content\/uploads\/2022\/11\/workshop-ornamentesque-france.jpg","type":"image\/jpeg"}],"twitter_card":"summary_large_image","twitter_misc":{"Dur\u00e9e de lecture estim\u00e9e":"1 minute"},"schema":{"@context":"https:\/\/schema.org","@graph":[{"@type":"WebPage","@id":"https:\/\/ornamentesque.com\/fr\/atelier-france\/","url":"https:\/\/ornamentesque.com\/fr\/atelier-france\/","name":"Atelier Ornementesque France | Pierre Nagel &#187; Ornamentesque","isPartOf":{"@id":"https:\/\/ornamentesque.com\/fr\/#website"},"primaryImageOfPage":{"@id":"https:\/\/ornamentesque.com\/fr\/atelier-france\/#primaryimage"},"image":{"@id":"https:\/\/ornamentesque.com\/fr\/atelier-france\/#primaryimage"},"thumbnailUrl":"https:\/\/ornamentesque.com\/wp-content\/uploads\/2022\/11\/workshop-ornamentesque-france.jpg","datePublished":"2022-06-27T10:17:57+00:00","dateModified":"2022-12-14T11:04:37+00:00","description":"Atelier ornamentesque situ\u00e9 en France. Sculpteur et restaurateur Pierre Nagel. Sculpture sur bois et art du pl\u00e2tre.","breadcrumb":{"@id":"https:\/\/ornamentesque.com\/fr\/atelier-france\/#breadcrumb"},"inLanguage":"fr-FR","potentialAction":[{"@type":"ReadAction","target":["https:\/\/ornamentesque.com\/fr\/atelier-france\/"]}]},{"@type":"ImageObject","inLanguage":"fr-FR","@id":"https:\/\/ornamentesque.com\/fr\/atelier-france\/#primaryimage","url":"https:\/\/ornamentesque.com\/wp-content\/uploads\/2022\/11\/workshop-ornamentesque-france.jpg","contentUrl":"https:\/\/ornamentesque.com\/wp-content\/uploads\/2022\/11\/workshop-ornamentesque-france.jpg","width":1500,"height":2000,"caption":"Atelier France"},{"@type":"BreadcrumbList","@id":"https:\/\/ornamentesque.com\/fr\/atelier-france\/#breadcrumb","itemListElement":[{"@type":"ListItem","position":1,"name":"Home","item":"https:\/\/ornamentesque.com\/fr\/langage-artistique\/"},{"@type":"ListItem","position":2,"name":"France"}]},{"@type":"WebSite","@id":"https:\/\/ornamentesque.com\/fr\/#website","url":"https:\/\/ornamentesque.com\/fr\/","name":"Ornamentesque","description":"Une nouvelle approche et un nouveau langage artistique","publisher":{"@id":"https:\/\/ornamentesque.com\/fr\/#organization"},"potentialAction":[{"@type":"SearchAction","target":{"@type":"EntryPoint","urlTemplate":"https:\/\/ornamentesque.com\/fr\/?s={search_term_string}"},"query-input":{"@type":"PropertyValueSpecification","valueRequired":true,"valueName":"search_term_string"}}],"inLanguage":"fr-FR"},{"@type":"Organization","@id":"https:\/\/ornamentesque.com\/fr\/#organization","name":"Ornamentesque","url":"https:\/\/ornamentesque.com\/fr\/","logo":{"@type":"ImageObject","inLanguage":"fr-FR","@id":"https:\/\/ornamentesque.com\/fr\/#\/schema\/logo\/image\/","url":"https:\/\/ornamentesque.com\/wp-content\/uploads\/2022\/12\/ornamentesque-ornamenti-contrapposto.png","contentUrl":"https:\/\/ornamentesque.com\/wp-content\/uploads\/2022\/12\/ornamentesque-ornamenti-contrapposto.png","width":600,"height":667,"caption":"Ornamentesque"},"image":{"@id":"https:\/\/ornamentesque.com\/fr\/#\/schema\/logo\/image\/"}}]}},"_links":{"self":[{"href":"https:\/\/ornamentesque.com\/fr\/wp-json\/wp\/v2\/pages\/3608","targetHints":{"allow":["GET"]}}],"collection":[{"href":"https:\/\/ornamentesque.com\/fr\/wp-json\/wp\/v2\/pages"}],"about":[{"href":"https:\/\/ornamentesque.com\/fr\/wp-json\/wp\/v2\/types\/page"}],"author":[{"embeddable":true,"href":"https:\/\/ornamentesque.com\/fr\/wp-json\/wp\/v2\/users\/1"}],"replies":[{"embeddable":true,"href":"https:\/\/ornamentesque.com\/fr\/wp-json\/wp\/v2\/comments?post=3608"}],"version-history":[{"count":0,"href":"https:\/\/ornamentesque.com\/fr\/wp-json\/wp\/v2\/pages\/3608\/revisions"}],"wp:featuredmedia":[{"embeddable":true,"href":"https:\/\/ornamentesque.com\/fr\/wp-json\/wp\/v2\/media\/3453"}],"wp:attachment":[{"href":"https:\/\/ornamentesque.com\/fr\/wp-json\/wp\/v2\/media?parent=3608"}],"curies":[{"name":"wp","href":"https:\/\/api.w.org\/{rel}","templated":true}]}}