{"id":3623,"date":"2022-09-21T16:01:00","date_gmt":"2022-09-21T16:01:00","guid":{"rendered":"https:\/\/ornamentesque.com\/ornamentesque\/"},"modified":"2023-03-17T16:17:40","modified_gmt":"2023-03-17T16:17:40","slug":"sculpture-ornemaniste","status":"publish","type":"page","link":"https:\/\/ornamentesque.com\/fr\/sculpture-ornemaniste\/","title":{"rendered":"Ornamentesque"},"content":{"rendered":"\t\t<div data-elementor-type=\"wp-page\" data-elementor-id=\"3623\" class=\"elementor elementor-3623 elementor-2843\" data-elementor-post-type=\"page\">\n\t\t\t\t\t\t<section class=\"elementor-section elementor-top-section elementor-element elementor-element-54506bc3 elementor-section-full_width elementor-section-content-top elementor-section-height-default elementor-section-height-default\" data-id=\"54506bc3\" data-element_type=\"section\" data-e-type=\"section\">\n\t\t\t\t\t\t<div class=\"elementor-container elementor-column-gap-default\">\n\t\t\t\t\t<div class=\"elementor-column elementor-col-50 elementor-top-column elementor-element elementor-element-43692da2\" data-id=\"43692da2\" data-element_type=\"column\" data-e-type=\"column\" data-settings=\"{&quot;background_background&quot;:&quot;classic&quot;}\">\n\t\t\t<div class=\"elementor-widget-wrap elementor-element-populated\">\n\t\t\t\t\t<div class=\"elementor-background-overlay\"><\/div>\n\t\t\t\t\t\t<div class=\"elementor-element elementor-element-18c241a blanconegro elementor-widget elementor-widget-image\" data-id=\"18c241a\" data-element_type=\"widget\" data-e-type=\"widget\" data-widget_type=\"image.default\">\n\t\t\t\t<div class=\"elementor-widget-container\">\n\t\t\t\t\t\t\t\t\t\t\t\t\t\t\t<img fetchpriority=\"high\" decoding=\"async\" width=\"1500\" height=\"2000\" src=\"https:\/\/ornamentesque.com\/wp-content\/uploads\/2022\/11\/ornamentesque-decorative-arts-color.jpg\" class=\"attachment-full size-full wp-image-3459\" alt=\"Sculpture ornemaniste - Ornamentesque\" srcset=\"https:\/\/ornamentesque.com\/wp-content\/uploads\/2022\/11\/ornamentesque-decorative-arts-color.jpg 1500w, https:\/\/ornamentesque.com\/wp-content\/uploads\/2022\/11\/ornamentesque-decorative-arts-color-225x300.jpg 225w, https:\/\/ornamentesque.com\/wp-content\/uploads\/2022\/11\/ornamentesque-decorative-arts-color-768x1024.jpg 768w, https:\/\/ornamentesque.com\/wp-content\/uploads\/2022\/11\/ornamentesque-decorative-arts-color-1152x1536.jpg 1152w\" sizes=\"(max-width: 1500px) 100vw, 1500px\" \/>\t\t\t\t\t\t\t\t\t\t\t\t\t\t\t<\/div>\n\t\t\t\t<\/div>\n\t\t\t\t\t<\/div>\n\t\t<\/div>\n\t\t\t\t<div class=\"elementor-column elementor-col-50 elementor-top-column elementor-element elementor-element-2a73c4ea\" data-id=\"2a73c4ea\" data-element_type=\"column\" data-e-type=\"column\">\n\t\t\t<div class=\"elementor-widget-wrap elementor-element-populated\">\n\t\t\t\t\t\t<div class=\"elementor-element elementor-element-715f1fb3 elementor-widget elementor-widget-heading\" data-id=\"715f1fb3\" data-element_type=\"widget\" data-e-type=\"widget\" id=\"enlace\" data-widget_type=\"heading.default\">\n\t\t\t\t<div class=\"elementor-widget-container\">\n\t\t\t\t\t<span class=\"elementor-heading-title elementor-size-default\">ORNAMENTESQUE<\/span>\t\t\t\t<\/div>\n\t\t\t\t<\/div>\n\t\t\t\t<div class=\"elementor-element elementor-element-6874638c elementor-widget elementor-widget-heading\" data-id=\"6874638c\" data-element_type=\"widget\" data-e-type=\"widget\" data-widget_type=\"heading.default\">\n\t\t\t\t<div class=\"elementor-widget-container\">\n\t\t\t\t\t<h1 class=\"elementor-heading-title elementor-size-default\">Sp\u00e9cialis\u00e9e en sculpture ornementale et les arts d\u00e9coratifs d'excellence en mati\u00e8re de conception, de fabrication et d'installation.<\/h1>\t\t\t\t<\/div>\n\t\t\t\t<\/div>\n\t\t\t\t<div class=\"elementor-element elementor-element-452562f2 elementor-widget elementor-widget-text-editor\" data-id=\"452562f2\" data-element_type=\"widget\" data-e-type=\"widget\" data-widget_type=\"text-editor.default\">\n\t\t\t\t<div class=\"elementor-widget-container\">\n\t\t\t\t\t\t\t\t\t<p>Ornamentesque est l&rsquo;union d&rsquo;un <a href=\"https:\/\/ornamentesque.com\/fr\/sculpteur-francais-pierre-nagel\/\">artiste fran\u00e7ais<\/a> et d&rsquo;un <a href=\"https:\/\/ornamentesque.com\/fr\/sculpteur-sur-bois-patrick-burke\/\">artiste am\u00e9ricain<\/a> qui ont d\u00e9cid\u00e9, apr\u00e8s des ann\u00e9es de collaboration, d&rsquo;unir leurs forces pour cr\u00e9er et concevoir des \u0153uvres d&rsquo;art de grande qualit\u00e9.<\/p>\n<p>Avec plus de 40 ans d&rsquo;exp\u00e9rience combin\u00e9e, Ornamentesque ma\u00eetrise une grande vari\u00e9t\u00e9 de styles, du classique au moderne. Au cours de notre carri\u00e8re, nous avons collabor\u00e9 avec des designers, des architectes et des clients priv\u00e9s de renom pour cr\u00e9er des motifs originaux sculpt\u00e9s \u00e0 la main en bois et en pl\u00e2tre pour des \u0153uvres d&rsquo;art et des installations architecturales sp\u00e9cifiques \u00e0 un site. Nous sommes heureux de pouvoir r\u00e9pondre \u00e0 vos besoins sp\u00e9cifiques ou \u00e0 vos contraintes budg\u00e9taires tout en cr\u00e9ant des \u0153uvres d&rsquo;art uniques habillant de modestes pi\u00e8ces \u00e0 de grandes salles pour des int\u00e9rieurs et des ext\u00e9rieurs classique.<\/p>\n\t\t\t\t\t\t\t\t<\/div>\n\t\t\t\t<\/div>\n\t\t\t\t\t<\/div>\n\t\t<\/div>\n\t\t\t\t\t<\/div>\n\t\t<\/section>\n\t\t\t\t<\/div>\n\t\t","protected":false},"excerpt":{"rendered":"<p>ORNAMENTESQUE Sp\u00e9cialis\u00e9e en sculpture ornementale et les arts d\u00e9coratifs d&rsquo;excellence en mati\u00e8re de conception, de fabrication et d&rsquo;installation. Ornamentesque est l&rsquo;union d&rsquo;un artiste fran\u00e7ais et d&rsquo;un artiste am\u00e9ricain qui ont d\u00e9cid\u00e9, apr\u00e8s des ann\u00e9es de collaboration, d&rsquo;unir leurs forces pour cr\u00e9er et concevoir des \u0153uvres d&rsquo;art de grande qualit\u00e9. Avec plus de 40 ans d&rsquo;exp\u00e9rience [&hellip;]<\/p>\n","protected":false},"author":1,"featured_media":3459,"parent":0,"menu_order":0,"comment_status":"closed","ping_status":"closed","template":"","meta":{"footnotes":""},"class_list":["post-3623","page","type-page","status-publish","has-post-thumbnail","hentry"],"yoast_head":"<!-- This site is optimized with the Yoast SEO plugin v27.3 - https:\/\/yoast.com\/product\/yoast-seo-wordpress\/ -->\n<title>Sculpture ornemaniste et Arts d\u00e9coratifs &#187; Ornamentesque<\/title>\n<meta name=\"description\" content=\"Ornamentesque est une entreprise sp\u00e9cialis\u00e9e dans la sculpture ornemantale et les arts d\u00e9coratifs d&#039;excellence en mati\u00e8re de conception, de fabrication et d&#039;installation.\" \/>\n<meta name=\"robots\" content=\"index, follow, max-snippet:-1, max-image-preview:large, max-video-preview:-1\" \/>\n<link rel=\"canonical\" href=\"https:\/\/ornamentesque.com\/fr\/sculpture-ornemaniste\/\" \/>\n<meta property=\"og:locale\" content=\"fr_FR\" \/>\n<meta property=\"og:type\" content=\"article\" \/>\n<meta property=\"og:title\" content=\"Sculpture ornemaniste et Arts d\u00e9coratifs &#187; Ornamentesque\" \/>\n<meta property=\"og:description\" content=\"Ornamentesque est une entreprise sp\u00e9cialis\u00e9e dans la sculpture ornemantale et les arts d\u00e9coratifs d&#039;excellence en mati\u00e8re de conception, de fabrication et d&#039;installation.\" \/>\n<meta property=\"og:url\" content=\"https:\/\/ornamentesque.com\/fr\/sculpture-ornemaniste\/\" \/>\n<meta property=\"og:site_name\" content=\"Ornamentesque\" \/>\n<meta property=\"article:modified_time\" content=\"2023-03-17T16:17:40+00:00\" \/>\n<meta property=\"og:image\" content=\"https:\/\/ornamentesque.com\/wp-content\/uploads\/2022\/11\/ornamentesque-decorative-arts-color.jpg\" \/>\n\t<meta property=\"og:image:width\" content=\"1500\" \/>\n\t<meta property=\"og:image:height\" content=\"2000\" \/>\n\t<meta property=\"og:image:type\" content=\"image\/jpeg\" \/>\n<meta name=\"twitter:card\" content=\"summary_large_image\" \/>\n<meta name=\"twitter:label1\" content=\"Dur\u00e9e de lecture estim\u00e9e\" \/>\n\t<meta name=\"twitter:data1\" content=\"1 minute\" \/>\n<!-- \/ Yoast SEO plugin. -->","yoast_head_json":{"title":"Sculpture ornemaniste et Arts d\u00e9coratifs &#187; Ornamentesque","description":"Ornamentesque est une entreprise sp\u00e9cialis\u00e9e dans la sculpture ornemantale et les arts d\u00e9coratifs d'excellence en mati\u00e8re de conception, de fabrication et d'installation.","robots":{"index":"index","follow":"follow","max-snippet":"max-snippet:-1","max-image-preview":"max-image-preview:large","max-video-preview":"max-video-preview:-1"},"canonical":"https:\/\/ornamentesque.com\/fr\/sculpture-ornemaniste\/","og_locale":"fr_FR","og_type":"article","og_title":"Sculpture ornemaniste et Arts d\u00e9coratifs &#187; Ornamentesque","og_description":"Ornamentesque est une entreprise sp\u00e9cialis\u00e9e dans la sculpture ornemantale et les arts d\u00e9coratifs d'excellence en mati\u00e8re de conception, de fabrication et d'installation.","og_url":"https:\/\/ornamentesque.com\/fr\/sculpture-ornemaniste\/","og_site_name":"Ornamentesque","article_modified_time":"2023-03-17T16:17:40+00:00","og_image":[{"width":1500,"height":2000,"url":"https:\/\/ornamentesque.com\/wp-content\/uploads\/2022\/11\/ornamentesque-decorative-arts-color.jpg","type":"image\/jpeg"}],"twitter_card":"summary_large_image","twitter_misc":{"Dur\u00e9e de lecture estim\u00e9e":"1 minute"},"schema":{"@context":"https:\/\/schema.org","@graph":[{"@type":"WebPage","@id":"https:\/\/ornamentesque.com\/fr\/sculpture-ornemaniste\/","url":"https:\/\/ornamentesque.com\/fr\/sculpture-ornemaniste\/","name":"Sculpture ornemaniste et Arts d\u00e9coratifs &#187; Ornamentesque","isPartOf":{"@id":"https:\/\/ornamentesque.com\/fr\/#website"},"primaryImageOfPage":{"@id":"https:\/\/ornamentesque.com\/fr\/sculpture-ornemaniste\/#primaryimage"},"image":{"@id":"https:\/\/ornamentesque.com\/fr\/sculpture-ornemaniste\/#primaryimage"},"thumbnailUrl":"https:\/\/ornamentesque.com\/wp-content\/uploads\/2022\/11\/ornamentesque-decorative-arts-color.jpg","datePublished":"2022-09-21T16:01:00+00:00","dateModified":"2023-03-17T16:17:40+00:00","description":"Ornamentesque est une entreprise sp\u00e9cialis\u00e9e dans la sculpture ornemantale et les arts d\u00e9coratifs d'excellence en mati\u00e8re de conception, de fabrication et d'installation.","breadcrumb":{"@id":"https:\/\/ornamentesque.com\/fr\/sculpture-ornemaniste\/#breadcrumb"},"inLanguage":"fr-FR","potentialAction":[{"@type":"ReadAction","target":["https:\/\/ornamentesque.com\/fr\/sculpture-ornemaniste\/"]}]},{"@type":"ImageObject","inLanguage":"fr-FR","@id":"https:\/\/ornamentesque.com\/fr\/sculpture-ornemaniste\/#primaryimage","url":"https:\/\/ornamentesque.com\/wp-content\/uploads\/2022\/11\/ornamentesque-decorative-arts-color.jpg","contentUrl":"https:\/\/ornamentesque.com\/wp-content\/uploads\/2022\/11\/ornamentesque-decorative-arts-color.jpg","width":1500,"height":2000,"caption":"Sculpture ornemaniste - Ornamentesque"},{"@type":"BreadcrumbList","@id":"https:\/\/ornamentesque.com\/fr\/sculpture-ornemaniste\/#breadcrumb","itemListElement":[{"@type":"ListItem","position":1,"name":"Home","item":"https:\/\/ornamentesque.com\/fr\/langage-artistique\/"},{"@type":"ListItem","position":2,"name":"Ornamentesque"}]},{"@type":"WebSite","@id":"https:\/\/ornamentesque.com\/fr\/#website","url":"https:\/\/ornamentesque.com\/fr\/","name":"Ornamentesque","description":"Une nouvelle approche et un nouveau langage artistique","publisher":{"@id":"https:\/\/ornamentesque.com\/fr\/#organization"},"potentialAction":[{"@type":"SearchAction","target":{"@type":"EntryPoint","urlTemplate":"https:\/\/ornamentesque.com\/fr\/?s={search_term_string}"},"query-input":{"@type":"PropertyValueSpecification","valueRequired":true,"valueName":"search_term_string"}}],"inLanguage":"fr-FR"},{"@type":"Organization","@id":"https:\/\/ornamentesque.com\/fr\/#organization","name":"Ornamentesque","url":"https:\/\/ornamentesque.com\/fr\/","logo":{"@type":"ImageObject","inLanguage":"fr-FR","@id":"https:\/\/ornamentesque.com\/fr\/#\/schema\/logo\/image\/","url":"https:\/\/ornamentesque.com\/wp-content\/uploads\/2022\/12\/ornamentesque-ornamenti-contrapposto.png","contentUrl":"https:\/\/ornamentesque.com\/wp-content\/uploads\/2022\/12\/ornamentesque-ornamenti-contrapposto.png","width":600,"height":667,"caption":"Ornamentesque"},"image":{"@id":"https:\/\/ornamentesque.com\/fr\/#\/schema\/logo\/image\/"}}]}},"_links":{"self":[{"href":"https:\/\/ornamentesque.com\/fr\/wp-json\/wp\/v2\/pages\/3623","targetHints":{"allow":["GET"]}}],"collection":[{"href":"https:\/\/ornamentesque.com\/fr\/wp-json\/wp\/v2\/pages"}],"about":[{"href":"https:\/\/ornamentesque.com\/fr\/wp-json\/wp\/v2\/types\/page"}],"author":[{"embeddable":true,"href":"https:\/\/ornamentesque.com\/fr\/wp-json\/wp\/v2\/users\/1"}],"replies":[{"embeddable":true,"href":"https:\/\/ornamentesque.com\/fr\/wp-json\/wp\/v2\/comments?post=3623"}],"version-history":[{"count":4,"href":"https:\/\/ornamentesque.com\/fr\/wp-json\/wp\/v2\/pages\/3623\/revisions"}],"predecessor-version":[{"id":4691,"href":"https:\/\/ornamentesque.com\/fr\/wp-json\/wp\/v2\/pages\/3623\/revisions\/4691"}],"wp:featuredmedia":[{"embeddable":true,"href":"https:\/\/ornamentesque.com\/fr\/wp-json\/wp\/v2\/media\/3459"}],"wp:attachment":[{"href":"https:\/\/ornamentesque.com\/fr\/wp-json\/wp\/v2\/media?parent=3623"}],"curies":[{"name":"wp","href":"https:\/\/api.w.org\/{rel}","templated":true}]}}