{"id":3652,"date":"2022-06-27T09:21:09","date_gmt":"2022-06-27T09:21:09","guid":{"rendered":"https:\/\/ornamentesque.com\/platrerie\/"},"modified":"2023-03-17T16:32:17","modified_gmt":"2023-03-17T16:32:17","slug":"specialistes-en-platrerie-decorative","status":"publish","type":"page","link":"https:\/\/ornamentesque.com\/fr\/specialistes-en-platrerie-decorative\/","title":{"rendered":"Pl\u00e2trerie"},"content":{"rendered":"\t\t<div data-elementor-type=\"wp-page\" data-elementor-id=\"3652\" class=\"elementor elementor-3652 elementor-41\" data-elementor-post-type=\"page\">\n\t\t\t\t\t\t<section class=\"elementor-section elementor-top-section elementor-element elementor-element-6e280874 elementor-section-full_width elementor-section-content-top elementor-section-height-default elementor-section-height-default\" data-id=\"6e280874\" data-element_type=\"section\" data-e-type=\"section\">\n\t\t\t\t\t\t<div class=\"elementor-container elementor-column-gap-default\">\n\t\t\t\t\t<div class=\"elementor-column elementor-col-50 elementor-top-column elementor-element elementor-element-79b72810\" data-id=\"79b72810\" data-element_type=\"column\" data-e-type=\"column\">\n\t\t\t<div class=\"elementor-widget-wrap elementor-element-populated\">\n\t\t\t\t\t\t<div class=\"elementor-element elementor-element-1e5a1bf2 elementor-widget elementor-widget-heading\" data-id=\"1e5a1bf2\" data-element_type=\"widget\" data-e-type=\"widget\" data-widget_type=\"heading.default\">\n\t\t\t\t<div class=\"elementor-widget-container\">\n\t\t\t\t\t<h1 class=\"elementor-heading-title elementor-size-default\">Sp\u00e9cialistes en pl\u00e2tre ornement\u00e9 \u00e0 travers la cr\u00e9ation , conservation et restauration.<\/h1>\t\t\t\t<\/div>\n\t\t\t\t<\/div>\n\t\t\t\t<div class=\"elementor-element elementor-element-38bfd80a elementor-hidden-mobile elementor-widget elementor-widget-heading\" data-id=\"38bfd80a\" data-element_type=\"widget\" data-e-type=\"widget\" data-widget_type=\"heading.default\">\n\t\t\t\t<div class=\"elementor-widget-container\">\n\t\t\t\t\t<h2 class=\"elementor-heading-title elementor-size-default\">Des \u0153uvres d'art pour des espaces contemporains et historiques, \u00e0 l'int\u00e9rieur et \u00e0 l'ext\u00e9rieur.<\/h2>\t\t\t\t<\/div>\n\t\t\t\t<\/div>\n\t\t\t\t\t<\/div>\n\t\t<\/div>\n\t\t\t\t<div class=\"elementor-column elementor-col-50 elementor-top-column elementor-element elementor-element-3d7b8bb2 elementor-hidden-tablet elementor-hidden-mobile\" data-id=\"3d7b8bb2\" data-element_type=\"column\" data-e-type=\"column\">\n\t\t\t<div class=\"elementor-widget-wrap elementor-element-populated\">\n\t\t\t\t\t\t<div class=\"elementor-element elementor-element-fe587d1 elementor-nav-menu__align-end elementor-nav-menu--dropdown-tablet elementor-nav-menu__text-align-aside elementor-nav-menu--toggle elementor-nav-menu--burger elementor-widget elementor-widget-nav-menu\" data-id=\"fe587d1\" data-element_type=\"widget\" data-e-type=\"widget\" data-settings=\"{&quot;layout&quot;:&quot;horizontal&quot;,&quot;submenu_icon&quot;:{&quot;value&quot;:&quot;&lt;i class=\\&quot;fas fa-caret-down\\&quot; aria-hidden=\\&quot;true\\&quot;&gt;&lt;\\\/i&gt;&quot;,&quot;library&quot;:&quot;fa-solid&quot;},&quot;toggle&quot;:&quot;burger&quot;}\" data-widget_type=\"nav-menu.default\">\n\t\t\t\t<div class=\"elementor-widget-container\">\n\t\t\t\t\t\t\t\t<nav aria-label=\"Menu\" class=\"elementor-nav-menu--main elementor-nav-menu__container elementor-nav-menu--layout-horizontal e--pointer-none\">\n\t\t\t\t<ul id=\"menu-1-fe587d1\" class=\"elementor-nav-menu\"><li class=\"menu-item wpml-ls-slot-19 wpml-ls-item wpml-ls-item-en wpml-ls-menu-item wpml-ls-first-item menu-item-type-wpml_ls_menu_item menu-item-object-wpml_ls_menu_item menu-item-wpml-ls-19-en\"><a href=\"https:\/\/ornamentesque.com\/\" title=\"Passer \u00e0 EN\" aria-label=\"Passer \u00e0 EN\" class=\"elementor-item\"><span class=\"wpml-ls-display\">EN<\/span><\/a><\/li>\n<li class=\"menu-item wpml-ls-slot-19 wpml-ls-item wpml-ls-item-fr wpml-ls-current-language wpml-ls-menu-item wpml-ls-last-item menu-item-type-wpml_ls_menu_item menu-item-object-wpml_ls_menu_item menu-item-wpml-ls-19-fr\"><a href=\"https:\/\/ornamentesque.com\/fr\/\" aria-current=\"page\" class=\"elementor-item\"><span class=\"wpml-ls-display\">FR<\/span><\/a><\/li>\n<\/ul>\t\t\t<\/nav>\n\t\t\t\t\t<div class=\"elementor-menu-toggle\" role=\"button\" tabindex=\"0\" aria-label=\"Permuter le menu\" aria-expanded=\"false\">\n\t\t\t<i aria-hidden=\"true\" role=\"presentation\" class=\"elementor-menu-toggle__icon--open eicon-menu-bar\"><\/i><i aria-hidden=\"true\" role=\"presentation\" class=\"elementor-menu-toggle__icon--close eicon-close\"><\/i>\t\t<\/div>\n\t\t\t\t\t<nav class=\"elementor-nav-menu--dropdown elementor-nav-menu__container\" aria-hidden=\"true\">\n\t\t\t\t<ul id=\"menu-2-fe587d1\" class=\"elementor-nav-menu\"><li class=\"menu-item wpml-ls-slot-19 wpml-ls-item wpml-ls-item-en wpml-ls-menu-item wpml-ls-first-item menu-item-type-wpml_ls_menu_item menu-item-object-wpml_ls_menu_item menu-item-wpml-ls-19-en\"><a href=\"https:\/\/ornamentesque.com\/\" title=\"Passer \u00e0 EN\" aria-label=\"Passer \u00e0 EN\" class=\"elementor-item\" tabindex=\"-1\"><span class=\"wpml-ls-display\">EN<\/span><\/a><\/li>\n<li class=\"menu-item wpml-ls-slot-19 wpml-ls-item wpml-ls-item-fr wpml-ls-current-language wpml-ls-menu-item wpml-ls-last-item menu-item-type-wpml_ls_menu_item menu-item-object-wpml_ls_menu_item menu-item-wpml-ls-19-fr\"><a href=\"https:\/\/ornamentesque.com\/fr\/\" aria-current=\"page\" class=\"elementor-item\" tabindex=\"-1\"><span class=\"wpml-ls-display\">FR<\/span><\/a><\/li>\n<\/ul>\t\t\t<\/nav>\n\t\t\t\t\t\t<\/div>\n\t\t\t\t<\/div>\n\t\t\t\t\t<\/div>\n\t\t<\/div>\n\t\t\t\t\t<\/div>\n\t\t<\/section>\n\t\t\t\t<section class=\"elementor-section elementor-top-section elementor-element elementor-element-45642857 elementor-section-full_width elementor-section-height-default elementor-section-height-default\" data-id=\"45642857\" data-element_type=\"section\" data-e-type=\"section\" id=\"bncolor\" data-settings=\"{&quot;background_background&quot;:&quot;classic&quot;}\">\n\t\t\t\t\t\t<div class=\"elementor-container elementor-column-gap-default\">\n\t\t\t\t\t<div class=\"elementor-column elementor-col-50 elementor-top-column elementor-element elementor-element-5fb62a85\" data-id=\"5fb62a85\" data-element_type=\"column\" data-e-type=\"column\">\n\t\t\t<div class=\"elementor-widget-wrap elementor-element-populated\">\n\t\t\t\t\t\t<div class=\"elementor-element elementor-element-2c32b9e4 elementor-flip-box--effect-fade elementor-widget elementor-widget-flip-box\" data-id=\"2c32b9e4\" data-element_type=\"widget\" data-e-type=\"widget\" data-widget_type=\"flip-box.default\">\n\t\t\t\t<div class=\"elementor-widget-container\">\n\t\t\t\t\t\t\t<div class=\"elementor-flip-box\" tabindex=\"0\">\n\t\t\t<div class=\"elementor-flip-box__layer elementor-flip-box__front\">\n\t\t\t\t<div class=\"elementor-flip-box__layer__overlay\">\n\t\t\t\t\t<div class=\"elementor-flip-box__layer__inner\">\n\t\t\t\t\t\t\n\t\t\t\t\t\t\n\t\t\t\t\t\t\t\t\t\t\t<\/div>\n\t\t\t\t<\/div>\n\t\t\t<\/div>\n\t\t\t<a class=\"elementor-flip-box__layer elementor-flip-box__back\" href=\"https:\/\/ornamentesque.com\/fr\/travaux-platrerie-residence-mont-tremblant\/\">\n\t\t\t<div class=\"elementor-flip-box__layer__overlay\">\n\t\t\t\t<div class=\"elementor-flip-box__layer__inner\">\n\t\t\t\t\t\t\t\t\t\t\t<h3 class=\"elementor-flip-box__layer__title\">\n\t\t\t\t\t\t\tTravaux de pl\u00e2trerie d\u00e9coratif <br> R\u00e9sidence Mont Tremblant \t\t\t\t\t\t<\/h3>\n\t\t\t\t\t\n\t\t\t\t\t\n\t\t\t\t\t\t\t\t<\/div>\n\t\t<\/div>\n\t\t<\/a>\n\t\t<\/div>\n\t\t\t\t\t\t<\/div>\n\t\t\t\t<\/div>\n\t\t\t\t\t<\/div>\n\t\t<\/div>\n\t\t\t\t<div class=\"elementor-column elementor-col-50 elementor-top-column elementor-element elementor-element-25d5744d\" data-id=\"25d5744d\" data-element_type=\"column\" data-e-type=\"column\">\n\t\t\t<div class=\"elementor-widget-wrap elementor-element-populated\">\n\t\t\t\t\t\t<div class=\"elementor-element elementor-element-c2c4e37 elementor-flip-box--effect-fade elementor-widget elementor-widget-flip-box\" data-id=\"c2c4e37\" data-element_type=\"widget\" data-e-type=\"widget\" data-widget_type=\"flip-box.default\">\n\t\t\t\t<div class=\"elementor-widget-container\">\n\t\t\t\t\t\t\t<div class=\"elementor-flip-box\" tabindex=\"0\">\n\t\t\t<div class=\"elementor-flip-box__layer elementor-flip-box__front\">\n\t\t\t\t<div class=\"elementor-flip-box__layer__overlay\">\n\t\t\t\t\t<div class=\"elementor-flip-box__layer__inner\">\n\t\t\t\t\t\t\n\t\t\t\t\t\t\n\t\t\t\t\t\t\t\t\t\t\t<\/div>\n\t\t\t\t<\/div>\n\t\t\t<\/div>\n\t\t\t<a class=\"elementor-flip-box__layer elementor-flip-box__back\" href=\"https:\/\/ornamentesque.com\/fr\/deco-plafonds-medaillon\/\">\n\t\t\t<div class=\"elementor-flip-box__layer__overlay\">\n\t\t\t\t<div class=\"elementor-flip-box__layer__inner\">\n\t\t\t\t\t\t\t\t\t\t\t<h3 class=\"elementor-flip-box__layer__title\">\n\t\t\t\t\t\t\tplafonds d\u00e9coratifs <br> M\u00e9daillon de plafond en pl\u00e2tre\t\t\t\t\t\t<\/h3>\n\t\t\t\t\t\n\t\t\t\t\t\n\t\t\t\t\t\t\t\t<\/div>\n\t\t<\/div>\n\t\t<\/a>\n\t\t<\/div>\n\t\t\t\t\t\t<\/div>\n\t\t\t\t<\/div>\n\t\t\t\t\t<\/div>\n\t\t<\/div>\n\t\t\t\t\t<\/div>\n\t\t<\/section>\n\t\t\t\t<section class=\"elementor-section elementor-top-section elementor-element elementor-element-0dd84ab elementor-section-full_width elementor-section-height-default elementor-section-height-default\" data-id=\"0dd84ab\" data-element_type=\"section\" data-e-type=\"section\" id=\"bncolor\" data-settings=\"{&quot;background_background&quot;:&quot;classic&quot;}\">\n\t\t\t\t\t\t<div class=\"elementor-container elementor-column-gap-default\">\n\t\t\t\t\t<div class=\"elementor-column elementor-col-50 elementor-top-column elementor-element elementor-element-448fb6b\" data-id=\"448fb6b\" data-element_type=\"column\" data-e-type=\"column\">\n\t\t\t<div class=\"elementor-widget-wrap elementor-element-populated\">\n\t\t\t\t\t\t<div class=\"elementor-element elementor-element-11cfc6b elementor-flip-box--effect-fade elementor-widget elementor-widget-flip-box\" data-id=\"11cfc6b\" data-element_type=\"widget\" data-e-type=\"widget\" data-widget_type=\"flip-box.default\">\n\t\t\t\t<div class=\"elementor-widget-container\">\n\t\t\t\t\t\t\t<div class=\"elementor-flip-box\" tabindex=\"0\">\n\t\t\t<div class=\"elementor-flip-box__layer elementor-flip-box__front\">\n\t\t\t\t<div class=\"elementor-flip-box__layer__overlay\">\n\t\t\t\t\t<div class=\"elementor-flip-box__layer__inner\">\n\t\t\t\t\t\t\n\t\t\t\t\t\t\n\t\t\t\t\t\t\t\t\t\t\t<\/div>\n\t\t\t\t<\/div>\n\t\t\t<\/div>\n\t\t\t<a class=\"elementor-flip-box__layer elementor-flip-box__back\" href=\"https:\/\/ornamentesque.com\/fr\/reliefs-en-platre-art-apiculture\/\">\n\t\t\t<div class=\"elementor-flip-box__layer__overlay\">\n\t\t\t\t<div class=\"elementor-flip-box__layer__inner\">\n\t\t\t\t\t\t\t\t\t\t\t<h3 class=\"elementor-flip-box__layer__title\">\n\t\t\t\t\t\t\tPl\u00e2tre d\u00e9coratif <br> Reliefs en pl\u00e2tre \"L'art de l'apiculture\"\t\t\t\t\t\t<\/h3>\n\t\t\t\t\t\n\t\t\t\t\t\n\t\t\t\t\t\t\t\t<\/div>\n\t\t<\/div>\n\t\t<\/a>\n\t\t<\/div>\n\t\t\t\t\t\t<\/div>\n\t\t\t\t<\/div>\n\t\t\t\t\t<\/div>\n\t\t<\/div>\n\t\t\t\t<div class=\"elementor-column elementor-col-50 elementor-top-column elementor-element elementor-element-20a6f0e\" data-id=\"20a6f0e\" data-element_type=\"column\" data-e-type=\"column\">\n\t\t\t<div class=\"elementor-widget-wrap elementor-element-populated\">\n\t\t\t\t\t\t<div class=\"elementor-element elementor-element-a5327d2 elementor-flip-box--effect-fade elementor-widget elementor-widget-flip-box\" data-id=\"a5327d2\" data-element_type=\"widget\" data-e-type=\"widget\" data-widget_type=\"flip-box.default\">\n\t\t\t\t<div class=\"elementor-widget-container\">\n\t\t\t\t\t\t\t<div class=\"elementor-flip-box\" tabindex=\"0\">\n\t\t\t<div class=\"elementor-flip-box__layer elementor-flip-box__front\">\n\t\t\t\t<div class=\"elementor-flip-box__layer__overlay\">\n\t\t\t\t\t<div class=\"elementor-flip-box__layer__inner\">\n\t\t\t\t\t\t\n\t\t\t\t\t\t\n\t\t\t\t\t\t\t\t\t\t\t<\/div>\n\t\t\t\t<\/div>\n\t\t\t<\/div>\n\t\t\t<a class=\"elementor-flip-box__layer elementor-flip-box__back\" href=\"https:\/\/ornamentesque.com\/fr\/panneaux-de-platre-restaurant-vaucluse\/\">\n\t\t\t<div class=\"elementor-flip-box__layer__overlay\">\n\t\t\t\t<div class=\"elementor-flip-box__layer__inner\">\n\t\t\t\t\t\t\t\t\t\t\t<h3 class=\"elementor-flip-box__layer__title\">\n\t\t\t\t\t\t\tPl\u00e2tre d\u00e9coratif <br> Panneau d\u00e9coratif en pl\u00e2tre pour le restaurant \"Vaucluse \" N.Y\t\t\t\t\t\t<\/h3>\n\t\t\t\t\t\n\t\t\t\t\t\n\t\t\t\t\t\t\t\t<\/div>\n\t\t<\/div>\n\t\t<\/a>\n\t\t<\/div>\n\t\t\t\t\t\t<\/div>\n\t\t\t\t<\/div>\n\t\t\t\t\t<\/div>\n\t\t<\/div>\n\t\t\t\t\t<\/div>\n\t\t<\/section>\n\t\t\t\t<\/div>\n\t\t","protected":false},"excerpt":{"rendered":"<p>Sp\u00e9cialistes en pl\u00e2tre ornement\u00e9 \u00e0 travers la cr\u00e9ation , conservation et restauration. Des \u0153uvres d&rsquo;art pour des espaces contemporains et historiques, \u00e0 l&rsquo;int\u00e9rieur et \u00e0 l&rsquo;ext\u00e9rieur. Travaux de pl\u00e2trerie d\u00e9coratif R\u00e9sidence Mont Tremblant plafonds d\u00e9coratifs M\u00e9daillon de plafond en pl\u00e2tre Pl\u00e2tre d\u00e9coratif Reliefs en pl\u00e2tre \u00ab\u00a0L&rsquo;art de l&rsquo;apiculture\u00a0\u00bb Pl\u00e2tre d\u00e9coratif Panneau d\u00e9coratif en pl\u00e2tre pour [&hellip;]<\/p>\n","protected":false},"author":1,"featured_media":3401,"parent":0,"menu_order":0,"comment_status":"closed","ping_status":"closed","template":"","meta":{"footnotes":""},"class_list":["post-3652","page","type-page","status-publish","has-post-thumbnail","hentry"],"yoast_head":"<!-- This site is optimized with the Yoast SEO plugin v27.3 - https:\/\/yoast.com\/product\/yoast-seo-wordpress\/ -->\n<title>Sp\u00e9cialistes en pl\u00e2trerie d\u00e9corative &#187; Ornamentesque<\/title>\n<meta name=\"description\" content=\"Travaux d&#039;ornementation en pl\u00e2tre. L&#039;artisanat traditionnel. Conceptions de corniches sur mesure, rosaces de plafond, arcades, d\u00e9coration, cr\u00e9ation de mod\u00e8les, modelage, gypserie.\" \/>\n<meta name=\"robots\" content=\"index, follow, max-snippet:-1, max-image-preview:large, max-video-preview:-1\" \/>\n<link rel=\"canonical\" href=\"https:\/\/ornamentesque.com\/fr\/specialistes-en-platrerie-decorative\/\" \/>\n<meta property=\"og:locale\" content=\"fr_FR\" \/>\n<meta property=\"og:type\" content=\"article\" \/>\n<meta property=\"og:title\" content=\"Sp\u00e9cialistes en pl\u00e2trerie d\u00e9corative &#187; Ornamentesque\" \/>\n<meta property=\"og:description\" content=\"Travaux d&#039;ornementation en pl\u00e2tre. L&#039;artisanat traditionnel. Conceptions de corniches sur mesure, rosaces de plafond, arcades, d\u00e9coration, cr\u00e9ation de mod\u00e8les, modelage, gypserie.\" \/>\n<meta property=\"og:url\" content=\"https:\/\/ornamentesque.com\/fr\/specialistes-en-platrerie-decorative\/\" \/>\n<meta property=\"og:site_name\" content=\"Ornamentesque\" \/>\n<meta property=\"article:modified_time\" content=\"2023-03-17T16:32:17+00:00\" \/>\n<meta property=\"og:image\" content=\"https:\/\/ornamentesque.com\/wp-content\/uploads\/2022\/09\/plaster-art-mont-tremblant-residence.jpg\" \/>\n\t<meta property=\"og:image:width\" content=\"1500\" \/>\n\t<meta property=\"og:image:height\" content=\"2031\" \/>\n\t<meta property=\"og:image:type\" content=\"image\/jpeg\" \/>\n<meta name=\"twitter:card\" content=\"summary_large_image\" \/>\n<meta name=\"twitter:label1\" content=\"Dur\u00e9e de lecture estim\u00e9e\" \/>\n\t<meta name=\"twitter:data1\" content=\"1 minute\" \/>\n<!-- \/ Yoast SEO plugin. -->","yoast_head_json":{"title":"Sp\u00e9cialistes en pl\u00e2trerie d\u00e9corative &#187; Ornamentesque","description":"Travaux d'ornementation en pl\u00e2tre. L'artisanat traditionnel. Conceptions de corniches sur mesure, rosaces de plafond, arcades, d\u00e9coration, cr\u00e9ation de mod\u00e8les, modelage, gypserie.","robots":{"index":"index","follow":"follow","max-snippet":"max-snippet:-1","max-image-preview":"max-image-preview:large","max-video-preview":"max-video-preview:-1"},"canonical":"https:\/\/ornamentesque.com\/fr\/specialistes-en-platrerie-decorative\/","og_locale":"fr_FR","og_type":"article","og_title":"Sp\u00e9cialistes en pl\u00e2trerie d\u00e9corative &#187; Ornamentesque","og_description":"Travaux d'ornementation en pl\u00e2tre. L'artisanat traditionnel. Conceptions de corniches sur mesure, rosaces de plafond, arcades, d\u00e9coration, cr\u00e9ation de mod\u00e8les, modelage, gypserie.","og_url":"https:\/\/ornamentesque.com\/fr\/specialistes-en-platrerie-decorative\/","og_site_name":"Ornamentesque","article_modified_time":"2023-03-17T16:32:17+00:00","og_image":[{"width":1500,"height":2031,"url":"https:\/\/ornamentesque.com\/wp-content\/uploads\/2022\/09\/plaster-art-mont-tremblant-residence.jpg","type":"image\/jpeg"}],"twitter_card":"summary_large_image","twitter_misc":{"Dur\u00e9e de lecture estim\u00e9e":"1 minute"},"schema":{"@context":"https:\/\/schema.org","@graph":[{"@type":"WebPage","@id":"https:\/\/ornamentesque.com\/fr\/specialistes-en-platrerie-decorative\/","url":"https:\/\/ornamentesque.com\/fr\/specialistes-en-platrerie-decorative\/","name":"Sp\u00e9cialistes en pl\u00e2trerie d\u00e9corative &#187; Ornamentesque","isPartOf":{"@id":"https:\/\/ornamentesque.com\/fr\/#website"},"primaryImageOfPage":{"@id":"https:\/\/ornamentesque.com\/fr\/specialistes-en-platrerie-decorative\/#primaryimage"},"image":{"@id":"https:\/\/ornamentesque.com\/fr\/specialistes-en-platrerie-decorative\/#primaryimage"},"thumbnailUrl":"https:\/\/ornamentesque.com\/wp-content\/uploads\/2022\/09\/plaster-art-mont-tremblant-residence.jpg","datePublished":"2022-06-27T09:21:09+00:00","dateModified":"2023-03-17T16:32:17+00:00","description":"Travaux d'ornementation en pl\u00e2tre. L'artisanat traditionnel. Conceptions de corniches sur mesure, rosaces de plafond, arcades, d\u00e9coration, cr\u00e9ation de mod\u00e8les, modelage, gypserie.","breadcrumb":{"@id":"https:\/\/ornamentesque.com\/fr\/specialistes-en-platrerie-decorative\/#breadcrumb"},"inLanguage":"fr-FR","potentialAction":[{"@type":"ReadAction","target":["https:\/\/ornamentesque.com\/fr\/specialistes-en-platrerie-decorative\/"]}]},{"@type":"ImageObject","inLanguage":"fr-FR","@id":"https:\/\/ornamentesque.com\/fr\/specialistes-en-platrerie-decorative\/#primaryimage","url":"https:\/\/ornamentesque.com\/wp-content\/uploads\/2022\/09\/plaster-art-mont-tremblant-residence.jpg","contentUrl":"https:\/\/ornamentesque.com\/wp-content\/uploads\/2022\/09\/plaster-art-mont-tremblant-residence.jpg","width":1500,"height":2031,"caption":"Pl\u00e2trerie d\u00e9corative \u00e0 la R\u00e9sidence Mont Tremblant"},{"@type":"BreadcrumbList","@id":"https:\/\/ornamentesque.com\/fr\/specialistes-en-platrerie-decorative\/#breadcrumb","itemListElement":[{"@type":"ListItem","position":1,"name":"Home","item":"https:\/\/ornamentesque.com\/fr\/langage-artistique\/"},{"@type":"ListItem","position":2,"name":"Pl\u00e2trerie"}]},{"@type":"WebSite","@id":"https:\/\/ornamentesque.com\/fr\/#website","url":"https:\/\/ornamentesque.com\/fr\/","name":"Ornamentesque","description":"Une nouvelle approche et un nouveau langage artistique","publisher":{"@id":"https:\/\/ornamentesque.com\/fr\/#organization"},"potentialAction":[{"@type":"SearchAction","target":{"@type":"EntryPoint","urlTemplate":"https:\/\/ornamentesque.com\/fr\/?s={search_term_string}"},"query-input":{"@type":"PropertyValueSpecification","valueRequired":true,"valueName":"search_term_string"}}],"inLanguage":"fr-FR"},{"@type":"Organization","@id":"https:\/\/ornamentesque.com\/fr\/#organization","name":"Ornamentesque","url":"https:\/\/ornamentesque.com\/fr\/","logo":{"@type":"ImageObject","inLanguage":"fr-FR","@id":"https:\/\/ornamentesque.com\/fr\/#\/schema\/logo\/image\/","url":"https:\/\/ornamentesque.com\/wp-content\/uploads\/2022\/12\/ornamentesque-ornamenti-contrapposto.png","contentUrl":"https:\/\/ornamentesque.com\/wp-content\/uploads\/2022\/12\/ornamentesque-ornamenti-contrapposto.png","width":600,"height":667,"caption":"Ornamentesque"},"image":{"@id":"https:\/\/ornamentesque.com\/fr\/#\/schema\/logo\/image\/"}}]}},"_links":{"self":[{"href":"https:\/\/ornamentesque.com\/fr\/wp-json\/wp\/v2\/pages\/3652","targetHints":{"allow":["GET"]}}],"collection":[{"href":"https:\/\/ornamentesque.com\/fr\/wp-json\/wp\/v2\/pages"}],"about":[{"href":"https:\/\/ornamentesque.com\/fr\/wp-json\/wp\/v2\/types\/page"}],"author":[{"embeddable":true,"href":"https:\/\/ornamentesque.com\/fr\/wp-json\/wp\/v2\/users\/1"}],"replies":[{"embeddable":true,"href":"https:\/\/ornamentesque.com\/fr\/wp-json\/wp\/v2\/comments?post=3652"}],"version-history":[{"count":2,"href":"https:\/\/ornamentesque.com\/fr\/wp-json\/wp\/v2\/pages\/3652\/revisions"}],"predecessor-version":[{"id":4692,"href":"https:\/\/ornamentesque.com\/fr\/wp-json\/wp\/v2\/pages\/3652\/revisions\/4692"}],"wp:featuredmedia":[{"embeddable":true,"href":"https:\/\/ornamentesque.com\/fr\/wp-json\/wp\/v2\/media\/3401"}],"wp:attachment":[{"href":"https:\/\/ornamentesque.com\/fr\/wp-json\/wp\/v2\/media?parent=3652"}],"curies":[{"name":"wp","href":"https:\/\/api.w.org\/{rel}","templated":true}]}}