{"id":3689,"date":"2022-11-28T16:40:40","date_gmt":"2022-11-28T16:40:40","guid":{"rendered":"https:\/\/ornamentesque.com\/politique-en-matiere-de-cookies\/"},"modified":"2022-12-01T16:26:39","modified_gmt":"2022-12-01T16:26:39","slug":"politique-cookies","status":"publish","type":"page","link":"https:\/\/ornamentesque.com\/fr\/politique-cookies\/","title":{"rendered":"Politique en mati\u00e8re de cookies"},"content":{"rendered":"\t\t<div data-elementor-type=\"wp-page\" data-elementor-id=\"3689\" class=\"elementor elementor-3689 elementor-3519\" data-elementor-post-type=\"page\">\n\t\t\t\t\t\t<section class=\"elementor-section elementor-top-section elementor-element elementor-element-699a6e26 elementor-section-full_width elementor-section-content-top elementor-section-height-default elementor-section-height-default\" data-id=\"699a6e26\" data-element_type=\"section\" data-e-type=\"section\">\n\t\t\t\t\t\t<div class=\"elementor-container elementor-column-gap-default\">\n\t\t\t\t\t<div class=\"elementor-column elementor-col-50 elementor-top-column elementor-element elementor-element-5da1d1ee\" data-id=\"5da1d1ee\" data-element_type=\"column\" data-e-type=\"column\">\n\t\t\t<div class=\"elementor-widget-wrap elementor-element-populated\">\n\t\t\t\t\t\t<div class=\"elementor-element elementor-element-7db6ef24 elementor-widget elementor-widget-heading\" data-id=\"7db6ef24\" data-element_type=\"widget\" data-e-type=\"widget\" data-widget_type=\"heading.default\">\n\t\t\t\t<div class=\"elementor-widget-container\">\n\t\t\t\t\t<h1 class=\"elementor-heading-title elementor-size-default\">Politique en mati\u00e8re de cookies<\/h1>\t\t\t\t<\/div>\n\t\t\t\t<\/div>\n\t\t\t\t\t<\/div>\n\t\t<\/div>\n\t\t\t\t<div class=\"elementor-column elementor-col-50 elementor-top-column elementor-element elementor-element-7e76e5c3\" data-id=\"7e76e5c3\" data-element_type=\"column\" data-e-type=\"column\">\n\t\t\t<div class=\"elementor-widget-wrap\">\n\t\t\t\t\t\t\t<\/div>\n\t\t<\/div>\n\t\t\t\t\t<\/div>\n\t\t<\/section>\n\t\t\t\t<section class=\"elementor-section elementor-top-section elementor-element elementor-element-6a322274 elementor-section-full_width elementor-section-height-default elementor-section-height-default\" data-id=\"6a322274\" data-element_type=\"section\" data-e-type=\"section\" id=\"bncolor\" data-settings=\"{&quot;background_background&quot;:&quot;classic&quot;}\">\n\t\t\t\t\t\t<div class=\"elementor-container elementor-column-gap-default\">\n\t\t\t\t\t<div class=\"elementor-column elementor-col-50 elementor-top-column elementor-element elementor-element-bf9a3fe\" data-id=\"bf9a3fe\" data-element_type=\"column\" data-e-type=\"column\">\n\t\t\t<div class=\"elementor-widget-wrap elementor-element-populated\">\n\t\t\t\t\t\t<div class=\"elementor-element elementor-element-7c44edd elementor-widget elementor-widget-text-editor\" data-id=\"7c44edd\" data-element_type=\"widget\" data-e-type=\"widget\" data-widget_type=\"text-editor.default\">\n\t\t\t\t<div class=\"elementor-widget-container\">\n\t\t\t\t\t\t\t\t\t<p class=\"p1\">Un cookie est un fichier d&rsquo;informations que le serveur de ce site Web envoie \u00e0 l&rsquo;appareil (ordinateur, smartphone, tablette, etc.) de celui qui acc\u00e8de \u00e0 la page pour stocker et r\u00e9cup\u00e9rer des informations sur la navigation effectu\u00e9e \u00e0 partir dudit \u00e9quipement.<\/p><p class=\"p1\">Pierre Nagel (ci-apr\u00e8s, \u00ab PROPRI\u00c9TAIRE \u00bb) utilise diff\u00e9rents types de cookies (techniques, analytiques et sociaux) uniquement dans le but d&rsquo;am\u00e9liorer la navigation de l&rsquo;utilisateur sur le site Web, sans aucun type de publicit\u00e9 ou objet similaire.<\/p><p class=\"p1\">Le PROPRI\u00c9TAIRE, \u00e0 travers les cookies, ne collecte aucune donn\u00e9e personnelle. Tous les cookies, \u00e0 l&rsquo;exception de ceux utilis\u00e9s par le syst\u00e8me de statistiques Google Analytics, sont temporaires et disparaissent \u00e0 la fin de la session.<\/p><p class=\"p1\">Le PROPRI\u00c9TAIRE utilise les cookies suivants sur ce site Web :<\/p><p class=\"p1\"><b>Ses propres cookies:<\/b><\/p><ul class=\"ul1\"><li class=\"li1\"><i>wordpress_sec_;<\/i> Ces <i>cookies<\/i> sont utilis\u00e9s pour maintenir la session de l&rsquo;utilisateur. Il expire \u00e0 la fin de la session de navigation.<\/li><li class=\"li1\"><i>wp-settings-time-1;<\/i> Il est utilis\u00e9 pour personnaliser l&rsquo;interface utilisateur. Expire dans 1 jour.<\/li><li class=\"li1\"><i>wp-settings-1;<\/i> Il est utilis\u00e9 pour personnaliser l&rsquo;interface utilisateur. Expire dans 1 jour.<\/li><li class=\"li1\"><i>wordpress_logged_in_;<\/i> Sa fonction est d&rsquo;indiquer quand il a \u00e9t\u00e9 connect\u00e9 et qui il est, \u00e9tant utilis\u00e9 par l&rsquo;interface WordPress. Il expire \u00e0 la fin de la session de navigation.<\/li><li class=\"li1\"><i>wordpress_test_cookie;<\/i> Ces <i>cookies<\/i> sont utilis\u00e9s par le gestionnaire de contenu WordPress pour v\u00e9rifier si le navigateur a activ\u00e9 les cookies. Il expire \u00e0 la fin de la session de navigation.<\/li><li><em>wp-wpml_current_language_;<\/em> Stocke la langue actuelle. Ce cookie est activ\u00e9 par d\u00e9faut sur les sites qui utilisent la fonctionnalit\u00e9 de filtrage de langue pour les op\u00e9rations AJAX. Expire dans 1 jour.<\/li><li class=\"li1\"><em><span class=\"s2\">wp-wpml_current_admin_language_{hash}<\/span>;<\/em> Stocke la langue actuelle de la zone d&rsquo;administration de WordPress.<\/li><li><i>wp_lang; <\/i>Ces cookies sont utilis\u00e9s par WordPress pour stocker les param\u00e8tres de langue. Il expire \u00e0 la fin de la session de navigation.<\/li><\/ul><p class=\"p1\"><b><br \/>Cookies de tierces parties:<\/b><\/p><ul class=\"ul1\"><li class=\"li1\"><i>_ga<\/i>; Il permet de distinguer les diff\u00e9rents utilisateurs du web. Expire apr\u00e8s 2 ans.<\/li><li class=\"li1\"><i>_gid;<\/i> Il est utilis\u00e9 pour distinguer les utilisateurs. Expire dans 24 heures.<\/li><li class=\"li1\"><i>_fbp;<\/i> Utilis\u00e9 par Facebook pour proposer une s\u00e9rie de produits publicitaires, tels que des offres en temps r\u00e9el d&rsquo;annonceurs tiers. Expire dans 3 mois.<\/li><li class=\"li1\"><i>_hjid;<\/i> D\u00e9finissez un ID unique pour la session. Cela permet au site Web de collecter des donn\u00e9es sur le comportement des visiteurs \u00e0 des fins statistiques. Expire dans 1 an.<\/li><\/ul><p class=\"p1\"><br \/>Vous pouvez \u00e0 tout moment acc\u00e9der aux param\u00e8tres de votre navigateur en acceptant ou en refusant tous les cookies, ou s\u00e9lectionner ceux dont l&rsquo;installation le permet et qui ne le permettent pas, en suivant l&rsquo;une des proc\u00e9dures suivantes, qui d\u00e9pend du navigateur que vous utilisez:<\/p><p class=\"p1\"><b>Google Chrome<\/b> (dans le menu Outils):<br \/>Param\u00e8tres &gt; Afficher les options avanc\u00e9es &gt; Confidentialit\u00e9 (Param\u00e8tres du contenu) &gt; Cookies: <a href=\"https:\/\/support.google.com\/chrome\/answer\/95647?co=GENIE.Platform%3DDesktopandhl=es\" target=\"_blank\" rel=\"noopener\"><span class=\"s2\">https:\/\/support.google.com\/chrome\/answer\/95647?hl=en&amp;co=GENIE.Platform%3DAndroid<\/span><\/a><\/p><p class=\"p2\"><span class=\"s3\"><b>Microsoft Internet Explorer<\/b> (dans le menu Outils):<br \/>Options Internet &gt; Confidentialit\u00e9 &gt; Avanc\u00e9: <a href=\"https:\/\/support.microsoft.com\/es-es\/help\/17442\/windows-internet-explorer-delete-manage-cookies\" target=\"_blank\" rel=\"noopener\"><span class=\"s4\">https:\/\/support.microsoft.com\/fr-fr\/windows\/supprimer-et-g%C3%A9rer-les-cookies-168dab11-0753-043d-7c16-ede5947fc64d<\/span><\/a><\/span><\/p><p class=\"p2\"><span class=\"s3\"><b>Firefox:<\/b><br \/>Options &gt; Confidentialit\u00e9 &gt; Cookies: <a href=\"https:\/\/support.mozilla.org\/es\/kb\/habilitar-y-deshabilitar-cookies-sitios-web-rastrear-preferencias\" target=\"_blank\" rel=\"noopener\"><span class=\"s4\">https:\/\/support.mozilla.org\/fr\/kb\/cookies-informations-sites-enregistrent<\/span><\/a><\/span><\/p><p class=\"p2\"><span class=\"s3\"><b>Safari, iPad et iPhone:<\/b><br \/>Pr\u00e9f\u00e9rences &gt; Confidentialit\u00e9: <a href=\"https:\/\/support.apple.com\/et-ee\/guide\/safari\/sfri11471\/mac\" target=\"_blank\" rel=\"noopener\"><span class=\"s4\">https:\/\/support.apple.com\/et-ee\/guide\/safari\/sfri11471\/mac<\/span><\/a><\/span><\/p><p class=\"p2\"><span class=\"s3\"><b>Opera:<\/b><br \/>Param\u00e8tres &gt; Options &gt; Avanc\u00e9 &gt; Cookies: <a href=\"https:\/\/help.opera.com\/en\/latest\/web-preferences\/\" target=\"_blank\" rel=\"noopener\"><span class=\"s4\">https:\/\/help.opera.com\/en\/latest\/web-preferences\/<\/span><\/a><\/span><\/p><p class=\"p1\">Ces navigateurs sont sujets \u00e0 des mises \u00e0 jour ou \u00e0 des modifications, nous ne pouvons donc pas garantir qu&rsquo;ils seront enti\u00e8rement conformes \u00e0 la version de votre navigateur. Il se peut \u00e9galement que vous utilisiez un autre navigateur non couvert par ces liens tels que Konqueror, Arora, Flock, etc. Pour \u00e9viter ces d\u00e9calages, vous pouvez y acc\u00e9der directement depuis les options de votre navigateur, g\u00e9n\u00e9ralement dans le menu \u00ab Options \u00bb de la rubrique \u00ab Confidentialit\u00e9 \u00bb. (Veuillez consulter l&rsquo;aide de votre navigateur pour plus d&rsquo;informations).<\/p><p class=\"p1\">Ni ce site Web ni ses repr\u00e9sentants l\u00e9gaux ne sont responsables du contenu ou de la v\u00e9racit\u00e9 des politiques de confidentialit\u00e9 que les tiers mentionn\u00e9s dans cette politique de cookies peuvent avoir.<\/p><p class=\"p1\">L&rsquo;acceptation de cette politique implique que l&rsquo;utilisateur a \u00e9t\u00e9 inform\u00e9 de mani\u00e8re claire et compl\u00e8te de l&rsquo;utilisation des dispositifs de stockage et de r\u00e9cup\u00e9ration de donn\u00e9es (cookies) ainsi que que le PROPRI\u00c9TAIRE a le consentement de l&rsquo;utilisateur pour leur utilisation.<\/p>\t\t\t\t\t\t\t\t<\/div>\n\t\t\t\t<\/div>\n\t\t\t\t\t<\/div>\n\t\t<\/div>\n\t\t\t\t<div class=\"elementor-column elementor-col-50 elementor-top-column elementor-element elementor-element-e462de1\" data-id=\"e462de1\" data-element_type=\"column\" data-e-type=\"column\">\n\t\t\t<div class=\"elementor-widget-wrap\">\n\t\t\t\t\t\t\t<\/div>\n\t\t<\/div>\n\t\t\t\t\t<\/div>\n\t\t<\/section>\n\t\t\t\t<\/div>\n\t\t","protected":false},"excerpt":{"rendered":"<p>Politique en mati\u00e8re de cookies Un cookie est un fichier d&rsquo;informations que le serveur de ce site Web envoie \u00e0 l&rsquo;appareil (ordinateur, smartphone, tablette, etc.) de celui qui acc\u00e8de \u00e0 la page pour stocker et r\u00e9cup\u00e9rer des informations sur la navigation effectu\u00e9e \u00e0 partir dudit \u00e9quipement. Pierre Nagel (ci-apr\u00e8s, \u00ab PROPRI\u00c9TAIRE \u00bb) utilise diff\u00e9rents types [&hellip;]<\/p>\n","protected":false},"author":1,"featured_media":0,"parent":0,"menu_order":0,"comment_status":"closed","ping_status":"closed","template":"","meta":{"footnotes":""},"class_list":["post-3689","page","type-page","status-publish","hentry"],"yoast_head":"<!-- This site is optimized with the Yoast SEO plugin v27.3 - https:\/\/yoast.com\/product\/yoast-seo-wordpress\/ -->\n<title>Politique en mati\u00e8re de cookies &#187; Ornamentesque<\/title>\n<meta name=\"description\" content=\"Nous d\u00e9finissons la politique en mati\u00e8re de cookies d&#039;Ornementesque, des artistes sculpteurs qui fa\u00e7onnent les id\u00e9es.\" \/>\n<meta name=\"robots\" content=\"noindex, follow\" \/>\n<meta property=\"og:locale\" content=\"fr_FR\" \/>\n<meta property=\"og:type\" content=\"article\" \/>\n<meta property=\"og:title\" content=\"Politique en mati\u00e8re de cookies &#187; Ornamentesque\" \/>\n<meta property=\"og:description\" content=\"Nous d\u00e9finissons la politique en mati\u00e8re de cookies d&#039;Ornementesque, des artistes sculpteurs qui fa\u00e7onnent les id\u00e9es.\" \/>\n<meta property=\"og:url\" content=\"https:\/\/ornamentesque.com\/fr\/politique-cookies\/\" \/>\n<meta property=\"og:site_name\" content=\"Ornamentesque\" \/>\n<meta property=\"article:modified_time\" content=\"2022-12-01T16:26:39+00:00\" \/>\n<meta name=\"twitter:card\" content=\"summary_large_image\" \/>\n<meta name=\"twitter:label1\" content=\"Dur\u00e9e de lecture estim\u00e9e\" \/>\n\t<meta name=\"twitter:data1\" content=\"4 minutes\" \/>\n<!-- \/ Yoast SEO plugin. -->","yoast_head_json":{"title":"Politique en mati\u00e8re de cookies &#187; Ornamentesque","description":"Nous d\u00e9finissons la politique en mati\u00e8re de cookies d'Ornementesque, des artistes sculpteurs qui fa\u00e7onnent les id\u00e9es.","robots":{"index":"noindex","follow":"follow"},"og_locale":"fr_FR","og_type":"article","og_title":"Politique en mati\u00e8re de cookies &#187; Ornamentesque","og_description":"Nous d\u00e9finissons la politique en mati\u00e8re de cookies d'Ornementesque, des artistes sculpteurs qui fa\u00e7onnent les id\u00e9es.","og_url":"https:\/\/ornamentesque.com\/fr\/politique-cookies\/","og_site_name":"Ornamentesque","article_modified_time":"2022-12-01T16:26:39+00:00","twitter_card":"summary_large_image","twitter_misc":{"Dur\u00e9e de lecture estim\u00e9e":"4 minutes"},"schema":{"@context":"https:\/\/schema.org","@graph":[{"@type":"WebPage","@id":"https:\/\/ornamentesque.com\/fr\/politique-cookies\/","url":"https:\/\/ornamentesque.com\/fr\/politique-cookies\/","name":"Politique en mati\u00e8re de cookies &#187; Ornamentesque","isPartOf":{"@id":"https:\/\/ornamentesque.com\/fr\/#website"},"datePublished":"2022-11-28T16:40:40+00:00","dateModified":"2022-12-01T16:26:39+00:00","description":"Nous d\u00e9finissons la politique en mati\u00e8re de cookies d'Ornementesque, des artistes sculpteurs qui fa\u00e7onnent les id\u00e9es.","breadcrumb":{"@id":"https:\/\/ornamentesque.com\/fr\/politique-cookies\/#breadcrumb"},"inLanguage":"fr-FR","potentialAction":[{"@type":"ReadAction","target":["https:\/\/ornamentesque.com\/fr\/politique-cookies\/"]}]},{"@type":"BreadcrumbList","@id":"https:\/\/ornamentesque.com\/fr\/politique-cookies\/#breadcrumb","itemListElement":[{"@type":"ListItem","position":1,"name":"Home","item":"https:\/\/ornamentesque.com\/fr\/langage-artistique\/"},{"@type":"ListItem","position":2,"name":"Politique en mati\u00e8re de cookies"}]},{"@type":"WebSite","@id":"https:\/\/ornamentesque.com\/fr\/#website","url":"https:\/\/ornamentesque.com\/fr\/","name":"Ornamentesque","description":"Une nouvelle approche et un nouveau langage artistique","publisher":{"@id":"https:\/\/ornamentesque.com\/fr\/#organization"},"potentialAction":[{"@type":"SearchAction","target":{"@type":"EntryPoint","urlTemplate":"https:\/\/ornamentesque.com\/fr\/?s={search_term_string}"},"query-input":{"@type":"PropertyValueSpecification","valueRequired":true,"valueName":"search_term_string"}}],"inLanguage":"fr-FR"},{"@type":"Organization","@id":"https:\/\/ornamentesque.com\/fr\/#organization","name":"Ornamentesque","url":"https:\/\/ornamentesque.com\/fr\/","logo":{"@type":"ImageObject","inLanguage":"fr-FR","@id":"https:\/\/ornamentesque.com\/fr\/#\/schema\/logo\/image\/","url":"https:\/\/ornamentesque.com\/wp-content\/uploads\/2022\/12\/ornamentesque-ornamenti-contrapposto.png","contentUrl":"https:\/\/ornamentesque.com\/wp-content\/uploads\/2022\/12\/ornamentesque-ornamenti-contrapposto.png","width":600,"height":667,"caption":"Ornamentesque"},"image":{"@id":"https:\/\/ornamentesque.com\/fr\/#\/schema\/logo\/image\/"}}]}},"_links":{"self":[{"href":"https:\/\/ornamentesque.com\/fr\/wp-json\/wp\/v2\/pages\/3689","targetHints":{"allow":["GET"]}}],"collection":[{"href":"https:\/\/ornamentesque.com\/fr\/wp-json\/wp\/v2\/pages"}],"about":[{"href":"https:\/\/ornamentesque.com\/fr\/wp-json\/wp\/v2\/types\/page"}],"author":[{"embeddable":true,"href":"https:\/\/ornamentesque.com\/fr\/wp-json\/wp\/v2\/users\/1"}],"replies":[{"embeddable":true,"href":"https:\/\/ornamentesque.com\/fr\/wp-json\/wp\/v2\/comments?post=3689"}],"version-history":[{"count":0,"href":"https:\/\/ornamentesque.com\/fr\/wp-json\/wp\/v2\/pages\/3689\/revisions"}],"wp:attachment":[{"href":"https:\/\/ornamentesque.com\/fr\/wp-json\/wp\/v2\/media?parent=3689"}],"curies":[{"name":"wp","href":"https:\/\/api.w.org\/{rel}","templated":true}]}}