{"id":3716,"date":"2022-11-28T11:34:41","date_gmt":"2022-11-28T11:34:41","guid":{"rendered":"https:\/\/ornamentesque.com\/mentions-legales\/"},"modified":"2022-12-19T14:42:33","modified_gmt":"2022-12-19T14:42:33","slug":"mentions-legales","status":"publish","type":"page","link":"https:\/\/ornamentesque.com\/fr\/mentions-legales\/","title":{"rendered":"Mentions L\u00e9gales"},"content":{"rendered":"\t\t<div data-elementor-type=\"wp-page\" data-elementor-id=\"3716\" class=\"elementor elementor-3716 elementor-3427\" data-elementor-post-type=\"page\">\n\t\t\t\t\t\t<section class=\"elementor-section elementor-top-section elementor-element elementor-element-d8dba0c elementor-section-full_width elementor-section-content-top elementor-section-height-default elementor-section-height-default\" data-id=\"d8dba0c\" data-element_type=\"section\" data-e-type=\"section\">\n\t\t\t\t\t\t<div class=\"elementor-container elementor-column-gap-default\">\n\t\t\t\t\t<div class=\"elementor-column elementor-col-50 elementor-top-column elementor-element elementor-element-42d12ee\" data-id=\"42d12ee\" data-element_type=\"column\" data-e-type=\"column\">\n\t\t\t<div class=\"elementor-widget-wrap elementor-element-populated\">\n\t\t\t\t\t\t<div class=\"elementor-element elementor-element-b4dbd65 elementor-widget elementor-widget-heading\" data-id=\"b4dbd65\" data-element_type=\"widget\" data-e-type=\"widget\" data-widget_type=\"heading.default\">\n\t\t\t\t<div class=\"elementor-widget-container\">\n\t\t\t\t\t<h1 class=\"elementor-heading-title elementor-size-default\">Mentions L\u00e9gales<\/h1>\t\t\t\t<\/div>\n\t\t\t\t<\/div>\n\t\t\t\t<div class=\"elementor-element elementor-element-183b99d elementor-widget elementor-widget-heading\" data-id=\"183b99d\" data-element_type=\"widget\" data-e-type=\"widget\" data-widget_type=\"heading.default\">\n\t\t\t\t<div class=\"elementor-widget-container\">\n\t\t\t\t\t<h2 class=\"elementor-heading-title elementor-size-default\">Politique de confidentialit\u00e9 (selon le RGPD-UE)<\/h2>\t\t\t\t<\/div>\n\t\t\t\t<\/div>\n\t\t\t\t\t<\/div>\n\t\t<\/div>\n\t\t\t\t<div class=\"elementor-column elementor-col-50 elementor-top-column elementor-element elementor-element-a3fd581\" data-id=\"a3fd581\" data-element_type=\"column\" data-e-type=\"column\">\n\t\t\t<div class=\"elementor-widget-wrap\">\n\t\t\t\t\t\t\t<\/div>\n\t\t<\/div>\n\t\t\t\t\t<\/div>\n\t\t<\/section>\n\t\t\t\t<section class=\"elementor-section elementor-top-section elementor-element elementor-element-24e61474 elementor-section-full_width elementor-section-height-default elementor-section-height-default\" data-id=\"24e61474\" data-element_type=\"section\" data-e-type=\"section\" id=\"bncolor\" data-settings=\"{&quot;background_background&quot;:&quot;classic&quot;}\">\n\t\t\t\t\t\t<div class=\"elementor-container elementor-column-gap-default\">\n\t\t\t\t\t<div class=\"elementor-column elementor-col-50 elementor-top-column elementor-element elementor-element-2fc77306\" data-id=\"2fc77306\" data-element_type=\"column\" data-e-type=\"column\">\n\t\t\t<div class=\"elementor-widget-wrap elementor-element-populated\">\n\t\t\t\t\t\t<div class=\"elementor-element elementor-element-63767b8 elementor-widget elementor-widget-text-editor\" data-id=\"63767b8\" data-element_type=\"widget\" data-e-type=\"widget\" data-widget_type=\"text-editor.default\">\n\t\t\t\t<div class=\"elementor-widget-container\">\n\t\t\t\t\t\t\t\t\t<p>Cette politique de confidentialit\u00e9 d\u00e9crit comment Pierre Nagel (ci-apr\u00e8s, \u00ab PROPRI\u00c9TAIRE \u00bb) collecte et traite vos donn\u00e9es personnelles. Votre int\u00e9grit\u00e9 est importante pour nous et nous voulons nous assurer que vous vous sentez toujours en s\u00e9curit\u00e9 lorsque vous partagez vos donn\u00e9es personnelles avec nous. Dans cette politique de confidentialit\u00e9, nous d\u00e9crivons comment vos donn\u00e9es personnelles sont trait\u00e9es et \u00e0 quelles fins nous collectons et utilisons les donn\u00e9es personnelles. Cette politique de confidentialit\u00e9 d\u00e9crit \u00e9galement vos droits et comment vous pouvez nous contacter au sujet de l&rsquo;utilisation de vos donn\u00e9es personnelles.<\/p>\n<p>Ces donn\u00e9es personnelles seront utilis\u00e9es de la mani\u00e8re et avec les limitations et les droits accord\u00e9s par la protection des donn\u00e9es personnelles.<\/p>\n<p>Conform\u00e9ment \u00e0 ce qui pr\u00e9c\u00e8de, nous vous informons;<\/p>\n<p><strong>1. Qui est responsable du traitement de vos donn\u00e9es personnelles ?<\/strong><\/p>\n<p>Identit\u00e9: Pierre Nagel<br \/>N\u00ba siret 508 121 837 <br \/>Email: pierre@ornamentesque.com<br \/>T\u00e9l\u00e9phone: + 33 633 35 75 91<\/p>\n<p><strong>2. Quel est le but de la collecte de vos donn\u00e9es et combien de temps les conservons-nous ?<\/strong><\/p>\n<p>La collecte et le traitement des donn\u00e9es personnelles demand\u00e9es sont destin\u00e9s au service de l&rsquo;utilisateur, tant administratif que commercial.<\/p>\n<ul>\n<li>Nous assisterons, g\u00e9rerons et r\u00e9soudrons vos questions, requ\u00eates, propositions ou toute autre exigence. Il conservera ces donn\u00e9es pendant la dur\u00e9e de chaque gestion. Nous conserverons ces donn\u00e9es pendant la dur\u00e9e de chaque gestion.<\/li>\n<li>Nous automatiserons les donn\u00e9es que nous collectons \u00e0 la suite de votre navigation sur notre site Web, afin de vous offrir une meilleure exp\u00e9rience utilisateur. (voir la <a href=\"https:\/\/ornamentesque.com\/fr\/politique-cookies\/\">politique en mati\u00e8re de cookies<\/a>)<\/li>\n<\/ul>\n<p>Le TITULAIRE s&rsquo;engage \u00e0 garder le maximum de r\u00e9serve, de secret, de protection et de confidentialit\u00e9 des informations des donn\u00e9es personnelles dont il dispose.<\/p>\n<p><strong>3. Transfert de donn\u00e9es \u00e0 des tiers<\/strong><\/p>\n<p>Le PROPRI\u00c9TAIRE s&rsquo;engage \u00e0 ne pas partager ou transf\u00e9rer vos donn\u00e9es \u00e0 des tiers sans votre consentement expr\u00e8s.<\/p>\n<p><strong>4. Limitations en cas de non fourniture de vos donn\u00e9es<\/strong><\/p>\n<p>Si vous d\u00e9cidez de ne pas accepter la politique en mati\u00e8re de cookies, vous ne pourrez peut-\u00eatre pas profiter de toutes les fonctionnalit\u00e9s du site Web.<\/p>\n<p><strong>5. Droits des utilisateurs<\/strong><\/p>\n<p>Les personnes int\u00e9ress\u00e9es ont le droit de:<\/p>\n<p>Demander l&rsquo;acc\u00e8s aux donn\u00e9es personnelles relatives \u00e0 l&rsquo;int\u00e9ress\u00e9, demander sa rectification ou sa suppression, demander la limitation de son traitement, s&rsquo;opposer au traitement et\/ou demander la portabilit\u00e9 des donn\u00e9es.<\/p>\n<p>Les parties int\u00e9ress\u00e9es peuvent acc\u00e9der \u00e0 leurs donn\u00e9es personnelles, ainsi que demander la rectification de donn\u00e9es inexactes ou, le cas \u00e9ch\u00e9ant, demander leur suppression lorsque, entre autres raisons, les donn\u00e9es ne sont plus n\u00e9cessaires aux fins pour lesquelles elles ont \u00e9t\u00e9 collect\u00e9es.<\/p>\n<p>Dans certaines circonstances, les parties int\u00e9ress\u00e9es peuvent demander la limitation du traitement de leurs donn\u00e9es, auquel cas nous ne les conserverons que pour l&rsquo;exercice ou la d\u00e9fense de r\u00e9clamations.<\/p>\n<p>Dans certaines circonstances et pour des raisons li\u00e9es \u00e0 leur situation particuli\u00e8re, les int\u00e9ress\u00e9s peuvent s&rsquo;opposer au traitement de leurs donn\u00e9es.<\/p>\n<p>Le PROPRI\u00c9TAIRE cessera de traiter les donn\u00e9es, sauf pour des raisons l\u00e9gitimes imp\u00e9rieuses, ou l&rsquo;exercice ou la d\u00e9fense d&rsquo;\u00e9ventuelles r\u00e9clamations. Ils peuvent \u00e9galement demander la portabilit\u00e9 de leurs donn\u00e9es.<\/p>\n<p>Les parties int\u00e9ress\u00e9es auront \u00e9galement le droit \u00e0 une protection juridictionnelle effective et \u00e0 d\u00e9poser une r\u00e9clamation aupr\u00e8s de l&rsquo;autorit\u00e9 de contr\u00f4le, si elles consid\u00e8rent que le traitement des donn\u00e9es \u00e0 caract\u00e8re personnel les concernant viole le R\u00e8glement.<\/p>\n\t\t\t\t\t\t\t\t<\/div>\n\t\t\t\t<\/div>\n\t\t\t\t\t<\/div>\n\t\t<\/div>\n\t\t\t\t<div class=\"elementor-column elementor-col-50 elementor-top-column elementor-element elementor-element-2d5d04c\" data-id=\"2d5d04c\" data-element_type=\"column\" data-e-type=\"column\">\n\t\t\t<div class=\"elementor-widget-wrap\">\n\t\t\t\t\t\t\t<\/div>\n\t\t<\/div>\n\t\t\t\t\t<\/div>\n\t\t<\/section>\n\t\t\t\t<section class=\"elementor-section elementor-top-section elementor-element elementor-element-47429600 elementor-section-full_width elementor-section-content-top elementor-section-height-default elementor-section-height-default\" data-id=\"47429600\" data-element_type=\"section\" data-e-type=\"section\">\n\t\t\t\t\t\t<div class=\"elementor-container elementor-column-gap-default\">\n\t\t\t\t\t<div class=\"elementor-column elementor-col-50 elementor-top-column elementor-element elementor-element-b9b09bb\" data-id=\"b9b09bb\" data-element_type=\"column\" data-e-type=\"column\">\n\t\t\t<div class=\"elementor-widget-wrap elementor-element-populated\">\n\t\t\t\t\t\t<div class=\"elementor-element elementor-element-31983a7f elementor-widget elementor-widget-heading\" data-id=\"31983a7f\" data-element_type=\"widget\" data-e-type=\"widget\" data-widget_type=\"heading.default\">\n\t\t\t\t<div class=\"elementor-widget-container\">\n\t\t\t\t\t<h2 class=\"elementor-heading-title elementor-size-default\">Mentions l\u00e9gales (selon la LSSI \u2013 CE)<\/h2>\t\t\t\t<\/div>\n\t\t\t\t<\/div>\n\t\t\t\t\t<\/div>\n\t\t<\/div>\n\t\t\t\t<div class=\"elementor-column elementor-col-50 elementor-top-column elementor-element elementor-element-62859a4c\" data-id=\"62859a4c\" data-element_type=\"column\" data-e-type=\"column\">\n\t\t\t<div class=\"elementor-widget-wrap\">\n\t\t\t\t\t\t\t<\/div>\n\t\t<\/div>\n\t\t\t\t\t<\/div>\n\t\t<\/section>\n\t\t\t\t<section class=\"elementor-section elementor-top-section elementor-element elementor-element-1e0e82b elementor-section-full_width elementor-section-height-default elementor-section-height-default\" data-id=\"1e0e82b\" data-element_type=\"section\" data-e-type=\"section\" data-settings=\"{&quot;background_background&quot;:&quot;classic&quot;}\">\n\t\t\t\t\t\t<div class=\"elementor-container elementor-column-gap-default\">\n\t\t\t\t\t<div class=\"elementor-column elementor-col-50 elementor-top-column elementor-element elementor-element-4792f27\" data-id=\"4792f27\" data-element_type=\"column\" data-e-type=\"column\">\n\t\t\t<div class=\"elementor-widget-wrap elementor-element-populated\">\n\t\t\t\t\t\t<div class=\"elementor-element elementor-element-351c9ad elementor-widget elementor-widget-text-editor\" data-id=\"351c9ad\" data-element_type=\"widget\" data-e-type=\"widget\" data-widget_type=\"text-editor.default\">\n\t\t\t\t<div class=\"elementor-widget-container\">\n\t\t\t\t\t\t\t\t\t<p>Le PROPRI\u00c9TAIRE vous informe qu&rsquo;il est le propri\u00e9taire du site Web. Conform\u00e9ment \u00e0 ce qui pr\u00e9c\u00e8de, nous vous informons;<\/p>\n<p>Le propri\u00e9taire de ce site est : Pierre Nagel et Patrick Burke<br \/>N\u00ba siret 508 121 837<br \/>1 Boulevard de Dianoux 84000 Avignon (France)<\/p>\n<p><strong>UTILISATEURS<\/strong><\/p>\n<p>L&rsquo;acc\u00e8s et\/ou l&rsquo;utilisation de ce portail attribue la condition d&rsquo;UTILISATEUR, qui accepte, \u00e0 partir dudit acc\u00e8s et\/ou utilisation, les Conditions G\u00e9n\u00e9rales d&rsquo;Utilisation refl\u00e9t\u00e9es ici.<\/p>\n<p><strong>CONDITIONS GENERALES D&rsquo;UTILISATION<\/strong><\/p>\n<p>Les Conditions susmentionn\u00e9es seront applicables ind\u00e9pendamment des Conditions G\u00e9n\u00e9rales du Contrat qui, le cas \u00e9ch\u00e9ant, sont obligatoires.<\/p>\n<p><strong>Utilisation du portail<\/strong><\/p>\n<p>Le site Web donne acc\u00e8s \u00e0 une multitude d&rsquo;informations, de services, de programmes ou de donn\u00e9es (ci-apr\u00e8s, \u00ab\u00a0le contenu\u00a0\u00bb) sur Internet appartenant au PROPRI\u00c9TAIRE ou \u00e0 ses conc\u00e9dants auxquels l&rsquo;UTILISATEUR peut avoir acc\u00e8s. L&rsquo;UTILISATEUR assume la responsabilit\u00e9 de l&rsquo;utilisation du portail.<\/p>\n<p>L&rsquo;UTILISATEUR s&rsquo;engage \u00e0 faire un usage appropri\u00e9 du contenu et des services que le PROPRI\u00c9TAIRE offre \u00e0 travers son portail et, \u00e0 titre d&rsquo;exemple, mais sans s&rsquo;y limiter, \u00e0 ne pas les utiliser pour:<\/p>\n<ul>\n<li>se livrer \u00e0 des activit\u00e9s ill\u00e9gales, ill\u00e9gales ou contraires \u00e0 la bonne foi et \u00e0 l&rsquo;ordre public<\/li>\n<li>diffuser des contenus ou de la propagande \u00e0 caract\u00e8re raciste, x\u00e9nophobe, pornographique-ill\u00e9gal, faisant l&rsquo;apologie du terrorisme ou portant atteinte aux droits de l&rsquo;homme<\/li>\n<li>causer des dommages aux syst\u00e8mes physiques et logiques du PROPRI\u00c9TAIRE, de ses fournisseurs ou de tiers, introduire ou propager des virus informatiques ou tout autre syst\u00e8me physique ou logique capable de causer les dommages susmentionn\u00e9s;<\/li>\n<li>essayer d&rsquo;acc\u00e9der et, le cas \u00e9ch\u00e9ant, d&rsquo;utiliser les comptes de messagerie d&rsquo;autres utilisateurs et de modifier et manipuler leurs messages. Le PROPRI\u00c9TAIRE se r\u00e9serve le droit de retirer tous les commentaires et contributions qui violent le respect de la dignit\u00e9 de la personne, qui sont discriminatoires, x\u00e9nophobes, racistes, pornographiques, qui portent atteinte \u00e0 la jeunesse ou \u00e0 l&rsquo;enfance, \u00e0 l&rsquo;ordre public ou \u00e0 la s\u00e9curit\u00e9 ou qui, \u00e0 son avis, ne conviennent pas \u00e0 la publication. Dans tous les cas, le PROPRI\u00c9TAIRE ne sera pas responsable des opinions exprim\u00e9es par les utilisateurs via des forums, des chats ou d&rsquo;autres outils de participation.<\/li>\n<\/ul>\n<p><strong><br \/>Propri\u00e9t\u00e9 intellectuelle et industrielle<\/strong><\/p>\n<p>Le TITULAIRE sera propri\u00e9taire de tous les droits de propri\u00e9t\u00e9 intellectuelle et industrielle de son site Web, ainsi que des \u00e9l\u00e9ments qui y sont contenus (par exemple, images, sons, audio, vid\u00e9o, logiciels ou textes ; marques ou logos, combinaisons de couleurs, structure et conception, s\u00e9lection des mat\u00e9riaux utilis\u00e9s, programmes informatiques n\u00e9cessaires \u00e0 son fonctionnement, acc\u00e8s et utilisation, etc.).<\/p>\n<p>Tous droits r\u00e9serv\u00e9s : la reproduction, la distribution et la communication publique, y compris le mode de mise \u00e0 disposition, de tout ou partie du contenu de cette page Web, \u00e0 des fins commerciales, sur tout support et par tout moyen technique, sans l&rsquo;autorisation du PROPRI\u00c9TAIRE.<\/p>\n<p>L&rsquo;UTILISATEUR s&rsquo;engage \u00e0 respecter les droits de propri\u00e9t\u00e9 intellectuelle et industrielle d\u00e9tenus par le PROPRI\u00c9TAIRE. Vous pouvez visualiser les \u00e9l\u00e9ments du portail et m\u00eame les imprimer, les copier et les stocker sur le disque dur de votre ordinateur ou sur tout autre support physique \u00e0 condition que ce soit uniquement et exclusivement pour votre usage personnel et priv\u00e9. L&rsquo;UTILISATEUR doit s&rsquo;abstenir de supprimer, modifier, \u00e9luder ou manipuler tout dispositif de protection ou syst\u00e8me de s\u00e9curit\u00e9 install\u00e9 sur les pages du PROPRI\u00c9TAIRE.<\/p>\n<p><strong>Exclusion de garanties et de responsabilit\u00e9<\/strong><\/p>\n<p>Le PROPRI\u00c9TAIRE n&rsquo;est en aucun cas responsable des dommages de toute nature qui pourraient causer, \u00e0 titre d&rsquo;exemple : des erreurs ou des omissions dans le contenu, le manque de disponibilit\u00e9 du portail ou la transmission de virus ou de programmes malveillants ou nuisibles dans le contenu , bien qu&rsquo;ayant adopt\u00e9 toutes les mesures technologiques n\u00e9cessaires pour l&rsquo;\u00e9viter.<\/p>\n<p><strong>Droit d&rsquo;apporter des modifications<\/strong><\/p>\n<p>Le PROPRI\u00c9TAIRE se r\u00e9serve le droit d&rsquo;apporter les modifications qu&rsquo;il juge appropri\u00e9es sur son portail sans pr\u00e9avis, en pouvant modifier, supprimer ou ajouter \u00e0 la fois le contenu et les services fournis par son interm\u00e9diaire et la mani\u00e8re dont ils sont pr\u00e9sent\u00e9s ou localis\u00e9s sur votre portail.<\/p>\n<p><strong>Links<\/strong><\/p>\n<p>Dans le cas o\u00f9 des liens ou des hyperliens vers d&rsquo;autres sites Internet seraient disponibles sur le site, le PROPRI\u00c9TAIRE n&rsquo;exercera aucun type de contr\u00f4le sur lesdits sites et contenus. En aucun cas, le PROPRI\u00c9TAIRE n&rsquo;assumera aucune responsabilit\u00e9 pour le contenu de tout lien appartenant \u00e0 un site Web tiers, ni ne garantira la disponibilit\u00e9 technique, la qualit\u00e9, la fiabilit\u00e9, l&rsquo;exactitude, l&rsquo;amplitude, la v\u00e9racit\u00e9, la validit\u00e9 et la constitutionnalit\u00e9 de tout mat\u00e9riel ou information contenu dans l&rsquo;un desdits hyperliens ou autres sites Internet.<\/p>\n<p>De m\u00eame, l&rsquo;inclusion de ces connexions externes n&rsquo;impliquera aucun type d&rsquo;association, de fusion ou de participation avec les entit\u00e9s connect\u00e9es.<\/p>\n<p><strong>Droit d&rsquo;exclusion<\/strong><\/p>\n<p>Le PROPRI\u00c9TAIRE se r\u00e9serve le droit de refuser ou de retirer l&rsquo;acc\u00e8s au portail et\/ou aux services propos\u00e9s sans pr\u00e9avis, \u00e0 sa propre demande ou \u00e0 celle d&rsquo;un tiers, aux utilisateurs qui ne respecteraient pas les pr\u00e9sentes Conditions G\u00e9n\u00e9rales d&rsquo;Utilisation.<\/p>\n<p><strong>G\u00e9n\u00e9ralit\u00e9s<\/strong><\/p>\n<p>Le PROPRI\u00c9TAIRE poursuivra la violation de ces conditions, ainsi que toute utilisation abusive de son portail, en exer\u00e7ant toutes les actions civiles et p\u00e9nales pouvant correspondre \u00e0 la loi.<\/p>\n<p><strong>Modification de ces conditions et dur\u00e9e<\/strong><\/p>\n<p>Le PROPRI\u00c9TAIRE peut modifier \u00e0 tout moment les conditions d\u00e9termin\u00e9es ici, d\u00fbment publi\u00e9es telles qu&rsquo;elles apparaissent ici.<\/p>\n<p>La validit\u00e9 des conditions susmentionn\u00e9es d\u00e9pendra de leur exposition et sera valable jusqu&rsquo;\u00e0 ce qu&rsquo;elles soient modifi\u00e9es par d&rsquo;autres d\u00fbment publi\u00e9es.<\/p>\n\t\t\t\t\t\t\t\t<\/div>\n\t\t\t\t<\/div>\n\t\t\t\t\t<\/div>\n\t\t<\/div>\n\t\t\t\t<div class=\"elementor-column elementor-col-50 elementor-top-column elementor-element elementor-element-e6245b2\" data-id=\"e6245b2\" data-element_type=\"column\" data-e-type=\"column\">\n\t\t\t<div class=\"elementor-widget-wrap\">\n\t\t\t\t\t\t\t<\/div>\n\t\t<\/div>\n\t\t\t\t\t<\/div>\n\t\t<\/section>\n\t\t\t\t<\/div>\n\t\t","protected":false},"excerpt":{"rendered":"<p>Mentions L\u00e9gales Politique de confidentialit\u00e9 (selon le RGPD-UE) Cette politique de confidentialit\u00e9 d\u00e9crit comment Pierre Nagel (ci-apr\u00e8s, \u00ab PROPRI\u00c9TAIRE \u00bb) collecte et traite vos donn\u00e9es personnelles. Votre int\u00e9grit\u00e9 est importante pour nous et nous voulons nous assurer que vous vous sentez toujours en s\u00e9curit\u00e9 lorsque vous partagez vos donn\u00e9es personnelles avec nous. Dans cette politique [&hellip;]<\/p>\n","protected":false},"author":1,"featured_media":0,"parent":0,"menu_order":0,"comment_status":"closed","ping_status":"closed","template":"","meta":{"footnotes":""},"class_list":["post-3716","page","type-page","status-publish","hentry"],"yoast_head":"<!-- This site is optimized with the Yoast SEO plugin v27.3 - https:\/\/yoast.com\/product\/yoast-seo-wordpress\/ -->\n<title>Mentions L\u00e9gales &#187; Ornamentesque<\/title>\n<meta name=\"description\" content=\"Mentions L\u00e9gales et respect du RGPD par Ornamentesque, des artistes sculpteurs qui donnent forme aux id\u00e9es. Oeuvres d&#039;art pour les espaces.\" \/>\n<meta name=\"robots\" content=\"noindex, follow\" \/>\n<meta property=\"og:locale\" content=\"fr_FR\" \/>\n<meta property=\"og:type\" content=\"article\" \/>\n<meta property=\"og:title\" content=\"Mentions L\u00e9gales &#187; Ornamentesque\" \/>\n<meta property=\"og:description\" content=\"Mentions L\u00e9gales et respect du RGPD par Ornamentesque, des artistes sculpteurs qui donnent forme aux id\u00e9es. Oeuvres d&#039;art pour les espaces.\" \/>\n<meta property=\"og:url\" content=\"https:\/\/ornamentesque.com\/fr\/mentions-legales\/\" \/>\n<meta property=\"og:site_name\" content=\"Ornamentesque\" \/>\n<meta property=\"article:modified_time\" content=\"2022-12-19T14:42:33+00:00\" \/>\n<meta name=\"twitter:card\" content=\"summary_large_image\" \/>\n<meta name=\"twitter:label1\" content=\"Dur\u00e9e de lecture estim\u00e9e\" \/>\n\t<meta name=\"twitter:data1\" content=\"8 minutes\" \/>\n<!-- \/ Yoast SEO plugin. -->","yoast_head_json":{"title":"Mentions L\u00e9gales &#187; Ornamentesque","description":"Mentions L\u00e9gales et respect du RGPD par Ornamentesque, des artistes sculpteurs qui donnent forme aux id\u00e9es. Oeuvres d'art pour les espaces.","robots":{"index":"noindex","follow":"follow"},"og_locale":"fr_FR","og_type":"article","og_title":"Mentions L\u00e9gales &#187; Ornamentesque","og_description":"Mentions L\u00e9gales et respect du RGPD par Ornamentesque, des artistes sculpteurs qui donnent forme aux id\u00e9es. Oeuvres d'art pour les espaces.","og_url":"https:\/\/ornamentesque.com\/fr\/mentions-legales\/","og_site_name":"Ornamentesque","article_modified_time":"2022-12-19T14:42:33+00:00","twitter_card":"summary_large_image","twitter_misc":{"Dur\u00e9e de lecture estim\u00e9e":"8 minutes"},"schema":{"@context":"https:\/\/schema.org","@graph":[{"@type":"WebPage","@id":"https:\/\/ornamentesque.com\/fr\/mentions-legales\/","url":"https:\/\/ornamentesque.com\/fr\/mentions-legales\/","name":"Mentions L\u00e9gales &#187; Ornamentesque","isPartOf":{"@id":"https:\/\/ornamentesque.com\/fr\/#website"},"datePublished":"2022-11-28T11:34:41+00:00","dateModified":"2022-12-19T14:42:33+00:00","description":"Mentions L\u00e9gales et respect du RGPD par Ornamentesque, des artistes sculpteurs qui donnent forme aux id\u00e9es. Oeuvres d'art pour les espaces.","breadcrumb":{"@id":"https:\/\/ornamentesque.com\/fr\/mentions-legales\/#breadcrumb"},"inLanguage":"fr-FR","potentialAction":[{"@type":"ReadAction","target":["https:\/\/ornamentesque.com\/fr\/mentions-legales\/"]}]},{"@type":"BreadcrumbList","@id":"https:\/\/ornamentesque.com\/fr\/mentions-legales\/#breadcrumb","itemListElement":[{"@type":"ListItem","position":1,"name":"Home","item":"https:\/\/ornamentesque.com\/fr\/langage-artistique\/"},{"@type":"ListItem","position":2,"name":"Mentions L\u00e9gales"}]},{"@type":"WebSite","@id":"https:\/\/ornamentesque.com\/fr\/#website","url":"https:\/\/ornamentesque.com\/fr\/","name":"Ornamentesque","description":"Une nouvelle approche et un nouveau langage artistique","publisher":{"@id":"https:\/\/ornamentesque.com\/fr\/#organization"},"potentialAction":[{"@type":"SearchAction","target":{"@type":"EntryPoint","urlTemplate":"https:\/\/ornamentesque.com\/fr\/?s={search_term_string}"},"query-input":{"@type":"PropertyValueSpecification","valueRequired":true,"valueName":"search_term_string"}}],"inLanguage":"fr-FR"},{"@type":"Organization","@id":"https:\/\/ornamentesque.com\/fr\/#organization","name":"Ornamentesque","url":"https:\/\/ornamentesque.com\/fr\/","logo":{"@type":"ImageObject","inLanguage":"fr-FR","@id":"https:\/\/ornamentesque.com\/fr\/#\/schema\/logo\/image\/","url":"https:\/\/ornamentesque.com\/wp-content\/uploads\/2022\/12\/ornamentesque-ornamenti-contrapposto.png","contentUrl":"https:\/\/ornamentesque.com\/wp-content\/uploads\/2022\/12\/ornamentesque-ornamenti-contrapposto.png","width":600,"height":667,"caption":"Ornamentesque"},"image":{"@id":"https:\/\/ornamentesque.com\/fr\/#\/schema\/logo\/image\/"}}]}},"_links":{"self":[{"href":"https:\/\/ornamentesque.com\/fr\/wp-json\/wp\/v2\/pages\/3716","targetHints":{"allow":["GET"]}}],"collection":[{"href":"https:\/\/ornamentesque.com\/fr\/wp-json\/wp\/v2\/pages"}],"about":[{"href":"https:\/\/ornamentesque.com\/fr\/wp-json\/wp\/v2\/types\/page"}],"author":[{"embeddable":true,"href":"https:\/\/ornamentesque.com\/fr\/wp-json\/wp\/v2\/users\/1"}],"replies":[{"embeddable":true,"href":"https:\/\/ornamentesque.com\/fr\/wp-json\/wp\/v2\/comments?post=3716"}],"version-history":[{"count":0,"href":"https:\/\/ornamentesque.com\/fr\/wp-json\/wp\/v2\/pages\/3716\/revisions"}],"wp:attachment":[{"href":"https:\/\/ornamentesque.com\/fr\/wp-json\/wp\/v2\/media?parent=3716"}],"curies":[{"name":"wp","href":"https:\/\/api.w.org\/{rel}","templated":true}]}}