{"id":3750,"date":"2022-06-27T10:17:37","date_gmt":"2022-06-27T10:17:37","guid":{"rendered":"https:\/\/ornamentesque.com\/patrick-burke\/"},"modified":"2022-12-19T07:19:50","modified_gmt":"2022-12-19T07:19:50","slug":"sculpteur-sur-bois-patrick-burke","status":"publish","type":"page","link":"https:\/\/ornamentesque.com\/fr\/sculpteur-sur-bois-patrick-burke\/","title":{"rendered":"Patrick Burke"},"content":{"rendered":"\t\t<div data-elementor-type=\"wp-page\" data-elementor-id=\"3750\" class=\"elementor elementor-3750 elementor-45\" data-elementor-post-type=\"page\">\n\t\t\t\t\t\t<section class=\"elementor-section elementor-top-section elementor-element elementor-element-636f8b04 elementor-section-full_width elementor-section-content-top elementor-section-height-default elementor-section-height-default\" data-id=\"636f8b04\" data-element_type=\"section\" data-e-type=\"section\">\n\t\t\t\t\t\t<div class=\"elementor-container elementor-column-gap-default\">\n\t\t\t\t\t<div class=\"elementor-column elementor-col-50 elementor-top-column elementor-element elementor-element-4801b3f7\" data-id=\"4801b3f7\" data-element_type=\"column\" data-e-type=\"column\">\n\t\t\t<div class=\"elementor-widget-wrap elementor-element-populated\">\n\t\t\t\t\t\t<div class=\"elementor-element elementor-element-d21efb1 blanconegro elementor-widget elementor-widget-image\" data-id=\"d21efb1\" data-element_type=\"widget\" data-e-type=\"widget\" data-widget_type=\"image.default\">\n\t\t\t\t<div class=\"elementor-widget-container\">\n\t\t\t\t\t\t\t\t\t\t\t\t\t\t\t<img fetchpriority=\"high\" decoding=\"async\" width=\"1500\" height=\"1942\" src=\"https:\/\/ornamentesque.com\/wp-content\/uploads\/2022\/12\/wood-carver-sculptor-patrick-burke.jpg\" class=\"attachment-full size-full wp-image-4558\" alt=\"Wood carver Patrick Burke\" srcset=\"https:\/\/ornamentesque.com\/wp-content\/uploads\/2022\/12\/wood-carver-sculptor-patrick-burke.jpg 1500w, https:\/\/ornamentesque.com\/wp-content\/uploads\/2022\/12\/wood-carver-sculptor-patrick-burke-232x300.jpg 232w, https:\/\/ornamentesque.com\/wp-content\/uploads\/2022\/12\/wood-carver-sculptor-patrick-burke-791x1024.jpg 791w, https:\/\/ornamentesque.com\/wp-content\/uploads\/2022\/12\/wood-carver-sculptor-patrick-burke-768x994.jpg 768w, https:\/\/ornamentesque.com\/wp-content\/uploads\/2022\/12\/wood-carver-sculptor-patrick-burke-1186x1536.jpg 1186w\" sizes=\"(max-width: 1500px) 100vw, 1500px\" \/>\t\t\t\t\t\t\t\t\t\t\t\t\t\t\t<\/div>\n\t\t\t\t<\/div>\n\t\t\t\t\t<\/div>\n\t\t<\/div>\n\t\t\t\t<div class=\"elementor-column elementor-col-50 elementor-top-column elementor-element elementor-element-6752fe58\" data-id=\"6752fe58\" data-element_type=\"column\" data-e-type=\"column\">\n\t\t\t<div class=\"elementor-widget-wrap elementor-element-populated\">\n\t\t\t\t\t\t<div class=\"elementor-element elementor-element-4f896c5 elementor-widget elementor-widget-heading\" data-id=\"4f896c5\" data-element_type=\"widget\" data-e-type=\"widget\" id=\"enlace\" data-widget_type=\"heading.default\">\n\t\t\t\t<div class=\"elementor-widget-container\">\n\t\t\t\t\t<span class=\"elementor-heading-title elementor-size-default\"><a href=\"https:\/\/ornamentesque.com\/fr\/sculpture-sur-bois-comme-forme-art\/\">PATRICK BURKE<\/a><\/span>\t\t\t\t<\/div>\n\t\t\t\t<\/div>\n\t\t\t\t<div class=\"elementor-element elementor-element-7422a2ef elementor-widget elementor-widget-heading\" data-id=\"7422a2ef\" data-element_type=\"widget\" data-e-type=\"widget\" data-widget_type=\"heading.default\">\n\t\t\t\t<div class=\"elementor-widget-container\">\n\t\t\t\t\t<h1 class=\"elementor-heading-title elementor-size-default\">Sculpteur sur bois<\/h1>\t\t\t\t<\/div>\n\t\t\t\t<\/div>\n\t\t\t\t<div class=\"elementor-element elementor-element-668ff0f5 elementor-widget elementor-widget-text-editor\" data-id=\"668ff0f5\" data-element_type=\"widget\" data-e-type=\"widget\" data-widget_type=\"text-editor.default\">\n\t\t\t\t<div class=\"elementor-widget-container\">\n\t\t\t\t\t\t\t\t\t<div class=\"elementToProof\"><div class=\"ContentPasted0\">Patrick Burke est <span class=\"ContentPasted0\">profond\u00e9ment ancr\u00e9 dans les traditions des Arts D\u00e9coratifs<\/span> <span class=\"ContentPasted1 ContentPasted0\">avec plus de 25 ans d&rsquo;exp\u00e9rience.<\/span><\/div><div>\u00a0<\/div><div><span class=\"ContentPasted0\">L&rsquo;introduction de Patrick aux m\u00e9tiers a commenc\u00e9 \u00e0 un jeune \u00e2ge sous la direction de son p\u00e8re qui est menuisier et fabricant de meubles. En grandissant, son amour de la fabrication \u00e9tait \u00e9vident, alors qu&rsquo;il apprenait le dessin, la sculpture et la fabrication de meubles dans l&rsquo;atelier de son p\u00e8re. Apr\u00e8s le lyc\u00e9e, Pat a travaill\u00e9 avec un fabricant de meubles \u00e9cossais en Californie, sp\u00e9cialis\u00e9 dans les meubles anglais du d\u00e9but du 18<sup class=\"ContentPasted0\">e<\/sup> si\u00e8cle. Pat a ensuite voyag\u00e9 dans le nord de l&rsquo;Italie o\u00f9 il a obtenu un apprentissage de sculpture figurative sur bois. <\/span><\/div><div>\u00a0<\/div><div><span class=\"ContentPasted0\">\u00c0 son retour en 2007, Patrick a cr\u00e9\u00e9 sa propre entreprise ax\u00e9e principalement sur la sculpture, la fabrication de meubles et la sculpture.<\/span><\/div><div>\u00a0<\/div><div><span class=\"ContentPasted0\">Actuellement, les projets de Burke vont des nouvelles constructions et r\u00e9novations r\u00e9sidentielles, des restaurations, des int\u00e9rieurs de yachts, ainsi que des travaux de reproduction pour les mus\u00e9es et les collections priv\u00e9es. La majorit\u00e9 du travail de Pat est la sculpture sur bois et le design, mais il offre \u00e9galement d&rsquo;autres services tels que des meubles raffin\u00e9s, du prototypage et de la sculpture en bronze, pl\u00e2tre, stuc et r\u00e9sine. <\/span><\/div><div>\u00a0<\/div><\/div><div class=\"elementToProof\"><span class=\"ContentPasted0\">Patrick apporte une richesse de connaissances des techniques traditionnelles et de l&rsquo;histoire et des styles d&rsquo;ornements et de sculptures d&rsquo;\u00e9poque. Pat met ses nombreuses ann\u00e9es d&rsquo;expertise approfondie \u00e0 travailler avec des architectes, des architectes d&rsquo;int\u00e9rieur et des clients priv\u00e9s pour donner vie \u00e0 leurs id\u00e9es et \u00e0 leurs visions. <\/span><\/div>\t\t\t\t\t\t\t\t<\/div>\n\t\t\t\t<\/div>\n\t\t\t\t\t<\/div>\n\t\t<\/div>\n\t\t\t\t\t<\/div>\n\t\t<\/section>\n\t\t\t\t<\/div>\n\t\t","protected":false},"excerpt":{"rendered":"<p>PATRICK BURKE Sculpteur sur bois Patrick Burke est profond\u00e9ment ancr\u00e9 dans les traditions des Arts D\u00e9coratifs avec plus de 25 ans d&rsquo;exp\u00e9rience.\u00a0L&rsquo;introduction de Patrick aux m\u00e9tiers a commenc\u00e9 \u00e0 un jeune \u00e2ge sous la direction de son p\u00e8re qui est menuisier et fabricant de meubles. En grandissant, son amour de la fabrication \u00e9tait \u00e9vident, alors [&hellip;]<\/p>\n","protected":false},"author":1,"featured_media":4558,"parent":0,"menu_order":0,"comment_status":"closed","ping_status":"closed","template":"","meta":{"footnotes":""},"class_list":["post-3750","page","type-page","status-publish","has-post-thumbnail","hentry"],"yoast_head":"<!-- This site is optimized with the Yoast SEO plugin v27.4 - https:\/\/yoast.com\/product\/yoast-seo-wordpress\/ -->\n<title>Sculpteur sur bois Patrick Burke &#187; Ornamentesque<\/title>\n<meta name=\"description\" content=\"Sculpteur sur bois qui apporte une grande connaissance de l&#039;histoire et des styles d&#039;ornements et de sculptures d&#039;\u00e9poque. Restauration, sculpture, pl\u00e2tre...\" \/>\n<meta name=\"robots\" content=\"index, follow, max-snippet:-1, max-image-preview:large, max-video-preview:-1\" \/>\n<link rel=\"canonical\" href=\"https:\/\/ornamentesque.com\/fr\/sculpteur-sur-bois-patrick-burke\/\" \/>\n<meta property=\"og:locale\" content=\"fr_FR\" \/>\n<meta property=\"og:type\" content=\"article\" \/>\n<meta property=\"og:title\" content=\"Sculpteur sur bois Patrick Burke &#187; Ornamentesque\" \/>\n<meta property=\"og:description\" content=\"Sculpteur sur bois qui apporte une grande connaissance de l&#039;histoire et des styles d&#039;ornements et de sculptures d&#039;\u00e9poque. Restauration, sculpture, pl\u00e2tre...\" \/>\n<meta property=\"og:url\" content=\"https:\/\/ornamentesque.com\/fr\/sculpteur-sur-bois-patrick-burke\/\" \/>\n<meta property=\"og:site_name\" content=\"Ornamentesque\" \/>\n<meta property=\"article:modified_time\" content=\"2022-12-19T07:19:50+00:00\" \/>\n<meta property=\"og:image\" content=\"https:\/\/ornamentesque.com\/wp-content\/uploads\/2022\/12\/wood-carver-sculptor-patrick-burke.jpg\" \/>\n\t<meta property=\"og:image:width\" content=\"1500\" \/>\n\t<meta property=\"og:image:height\" content=\"1942\" \/>\n\t<meta property=\"og:image:type\" content=\"image\/jpeg\" \/>\n<meta name=\"twitter:card\" content=\"summary_large_image\" \/>\n<meta name=\"twitter:label1\" content=\"Dur\u00e9e de lecture estim\u00e9e\" \/>\n\t<meta name=\"twitter:data1\" content=\"2 minutes\" \/>\n<!-- \/ Yoast SEO plugin. -->","yoast_head_json":{"title":"Sculpteur sur bois Patrick Burke &#187; Ornamentesque","description":"Sculpteur sur bois qui apporte une grande connaissance de l'histoire et des styles d'ornements et de sculptures d'\u00e9poque. Restauration, sculpture, pl\u00e2tre...","robots":{"index":"index","follow":"follow","max-snippet":"max-snippet:-1","max-image-preview":"max-image-preview:large","max-video-preview":"max-video-preview:-1"},"canonical":"https:\/\/ornamentesque.com\/fr\/sculpteur-sur-bois-patrick-burke\/","og_locale":"fr_FR","og_type":"article","og_title":"Sculpteur sur bois Patrick Burke &#187; Ornamentesque","og_description":"Sculpteur sur bois qui apporte une grande connaissance de l'histoire et des styles d'ornements et de sculptures d'\u00e9poque. Restauration, sculpture, pl\u00e2tre...","og_url":"https:\/\/ornamentesque.com\/fr\/sculpteur-sur-bois-patrick-burke\/","og_site_name":"Ornamentesque","article_modified_time":"2022-12-19T07:19:50+00:00","og_image":[{"width":1500,"height":1942,"url":"https:\/\/ornamentesque.com\/wp-content\/uploads\/2022\/12\/wood-carver-sculptor-patrick-burke.jpg","type":"image\/jpeg"}],"twitter_card":"summary_large_image","twitter_misc":{"Dur\u00e9e de lecture estim\u00e9e":"2 minutes"},"schema":{"@context":"https:\/\/schema.org","@graph":[{"@type":"WebPage","@id":"https:\/\/ornamentesque.com\/fr\/sculpteur-sur-bois-patrick-burke\/","url":"https:\/\/ornamentesque.com\/fr\/sculpteur-sur-bois-patrick-burke\/","name":"Sculpteur sur bois Patrick Burke &#187; Ornamentesque","isPartOf":{"@id":"https:\/\/ornamentesque.com\/fr\/#website"},"primaryImageOfPage":{"@id":"https:\/\/ornamentesque.com\/fr\/sculpteur-sur-bois-patrick-burke\/#primaryimage"},"image":{"@id":"https:\/\/ornamentesque.com\/fr\/sculpteur-sur-bois-patrick-burke\/#primaryimage"},"thumbnailUrl":"https:\/\/ornamentesque.com\/wp-content\/uploads\/2022\/12\/wood-carver-sculptor-patrick-burke.jpg","datePublished":"2022-06-27T10:17:37+00:00","dateModified":"2022-12-19T07:19:50+00:00","description":"Sculpteur sur bois qui apporte une grande connaissance de l'histoire et des styles d'ornements et de sculptures d'\u00e9poque. Restauration, sculpture, pl\u00e2tre...","breadcrumb":{"@id":"https:\/\/ornamentesque.com\/fr\/sculpteur-sur-bois-patrick-burke\/#breadcrumb"},"inLanguage":"fr-FR","potentialAction":[{"@type":"ReadAction","target":["https:\/\/ornamentesque.com\/fr\/sculpteur-sur-bois-patrick-burke\/"]}]},{"@type":"ImageObject","inLanguage":"fr-FR","@id":"https:\/\/ornamentesque.com\/fr\/sculpteur-sur-bois-patrick-burke\/#primaryimage","url":"https:\/\/ornamentesque.com\/wp-content\/uploads\/2022\/12\/wood-carver-sculptor-patrick-burke.jpg","contentUrl":"https:\/\/ornamentesque.com\/wp-content\/uploads\/2022\/12\/wood-carver-sculptor-patrick-burke.jpg","width":1500,"height":1942,"caption":"Wood carver Patrick Burke"},{"@type":"BreadcrumbList","@id":"https:\/\/ornamentesque.com\/fr\/sculpteur-sur-bois-patrick-burke\/#breadcrumb","itemListElement":[{"@type":"ListItem","position":1,"name":"Home","item":"https:\/\/ornamentesque.com\/fr\/langage-artistique\/"},{"@type":"ListItem","position":2,"name":"Patrick Burke"}]},{"@type":"WebSite","@id":"https:\/\/ornamentesque.com\/fr\/#website","url":"https:\/\/ornamentesque.com\/fr\/","name":"Ornamentesque","description":"Une nouvelle approche et un nouveau langage artistique","publisher":{"@id":"https:\/\/ornamentesque.com\/fr\/#organization"},"potentialAction":[{"@type":"SearchAction","target":{"@type":"EntryPoint","urlTemplate":"https:\/\/ornamentesque.com\/fr\/?s={search_term_string}"},"query-input":{"@type":"PropertyValueSpecification","valueRequired":true,"valueName":"search_term_string"}}],"inLanguage":"fr-FR"},{"@type":"Organization","@id":"https:\/\/ornamentesque.com\/fr\/#organization","name":"Ornamentesque","url":"https:\/\/ornamentesque.com\/fr\/","logo":{"@type":"ImageObject","inLanguage":"fr-FR","@id":"https:\/\/ornamentesque.com\/fr\/#\/schema\/logo\/image\/","url":"https:\/\/ornamentesque.com\/wp-content\/uploads\/2022\/12\/ornamentesque-ornamenti-contrapposto.png","contentUrl":"https:\/\/ornamentesque.com\/wp-content\/uploads\/2022\/12\/ornamentesque-ornamenti-contrapposto.png","width":600,"height":667,"caption":"Ornamentesque"},"image":{"@id":"https:\/\/ornamentesque.com\/fr\/#\/schema\/logo\/image\/"}}]}},"_links":{"self":[{"href":"https:\/\/ornamentesque.com\/fr\/wp-json\/wp\/v2\/pages\/3750","targetHints":{"allow":["GET"]}}],"collection":[{"href":"https:\/\/ornamentesque.com\/fr\/wp-json\/wp\/v2\/pages"}],"about":[{"href":"https:\/\/ornamentesque.com\/fr\/wp-json\/wp\/v2\/types\/page"}],"author":[{"embeddable":true,"href":"https:\/\/ornamentesque.com\/fr\/wp-json\/wp\/v2\/users\/1"}],"replies":[{"embeddable":true,"href":"https:\/\/ornamentesque.com\/fr\/wp-json\/wp\/v2\/comments?post=3750"}],"version-history":[{"count":0,"href":"https:\/\/ornamentesque.com\/fr\/wp-json\/wp\/v2\/pages\/3750\/revisions"}],"wp:featuredmedia":[{"embeddable":true,"href":"https:\/\/ornamentesque.com\/fr\/wp-json\/wp\/v2\/media\/4558"}],"wp:attachment":[{"href":"https:\/\/ornamentesque.com\/fr\/wp-json\/wp\/v2\/media?parent=3750"}],"curies":[{"name":"wp","href":"https:\/\/api.w.org\/{rel}","templated":true}]}}