{"id":3754,"date":"2022-06-27T09:22:58","date_gmt":"2022-06-27T09:22:58","guid":{"rendered":"https:\/\/ornamentesque.com\/pierre-nagel\/"},"modified":"2023-03-17T16:46:06","modified_gmt":"2023-03-17T16:46:06","slug":"sculpteur-francais-pierre-nagel","status":"publish","type":"page","link":"https:\/\/ornamentesque.com\/fr\/sculpteur-francais-pierre-nagel\/","title":{"rendered":"Pierre Nagel"},"content":{"rendered":"\t\t<div data-elementor-type=\"wp-page\" data-elementor-id=\"3754\" class=\"elementor elementor-3754 elementor-43\" data-elementor-post-type=\"page\">\n\t\t\t\t\t\t<section class=\"elementor-section elementor-top-section elementor-element elementor-element-7514f267 elementor-section-full_width elementor-section-content-top elementor-section-height-default elementor-section-height-default\" data-id=\"7514f267\" data-element_type=\"section\" data-e-type=\"section\">\n\t\t\t\t\t\t<div class=\"elementor-container elementor-column-gap-default\">\n\t\t\t\t\t<div class=\"elementor-column elementor-col-50 elementor-top-column elementor-element elementor-element-3e5da0f0\" data-id=\"3e5da0f0\" data-element_type=\"column\" data-e-type=\"column\">\n\t\t\t<div class=\"elementor-widget-wrap elementor-element-populated\">\n\t\t\t\t\t\t<div class=\"elementor-element elementor-element-1be455f blanconegro elementor-widget elementor-widget-image\" data-id=\"1be455f\" data-element_type=\"widget\" data-e-type=\"widget\" data-widget_type=\"image.default\">\n\t\t\t\t<div class=\"elementor-widget-container\">\n\t\t\t\t\t\t\t\t\t\t\t\t\t\t\t<img fetchpriority=\"high\" decoding=\"async\" width=\"1500\" height=\"1942\" src=\"https:\/\/ornamentesque.com\/wp-content\/uploads\/2022\/11\/sculptor-artist-Pierre-Nagel.jpg\" class=\"attachment-full size-full wp-image-3674\" alt=\"Sculptor fran\u00e7ais Pierre Nagel\" srcset=\"https:\/\/ornamentesque.com\/wp-content\/uploads\/2022\/11\/sculptor-artist-Pierre-Nagel.jpg 1500w, https:\/\/ornamentesque.com\/wp-content\/uploads\/2022\/11\/sculptor-artist-Pierre-Nagel-232x300.jpg 232w, https:\/\/ornamentesque.com\/wp-content\/uploads\/2022\/11\/sculptor-artist-Pierre-Nagel-791x1024.jpg 791w, https:\/\/ornamentesque.com\/wp-content\/uploads\/2022\/11\/sculptor-artist-Pierre-Nagel-768x994.jpg 768w, https:\/\/ornamentesque.com\/wp-content\/uploads\/2022\/11\/sculptor-artist-Pierre-Nagel-1186x1536.jpg 1186w\" sizes=\"(max-width: 1500px) 100vw, 1500px\" \/>\t\t\t\t\t\t\t\t\t\t\t\t\t\t\t<\/div>\n\t\t\t\t<\/div>\n\t\t\t\t\t<\/div>\n\t\t<\/div>\n\t\t\t\t<div class=\"elementor-column elementor-col-50 elementor-top-column elementor-element elementor-element-6ae7713a\" data-id=\"6ae7713a\" data-element_type=\"column\" data-e-type=\"column\">\n\t\t\t<div class=\"elementor-widget-wrap elementor-element-populated\">\n\t\t\t\t\t\t<div class=\"elementor-element elementor-element-69851d13 elementor-widget elementor-widget-heading\" data-id=\"69851d13\" data-element_type=\"widget\" data-e-type=\"widget\" id=\"enlace\" data-widget_type=\"heading.default\">\n\t\t\t\t<div class=\"elementor-widget-container\">\n\t\t\t\t\t<span class=\"elementor-heading-title elementor-size-default\">PIERRE NAGEL<\/span>\t\t\t\t<\/div>\n\t\t\t\t<\/div>\n\t\t\t\t<div class=\"elementor-element elementor-element-21ae9926 elementor-widget elementor-widget-heading\" data-id=\"21ae9926\" data-element_type=\"widget\" data-e-type=\"widget\" data-widget_type=\"heading.default\">\n\t\t\t\t<div class=\"elementor-widget-container\">\n\t\t\t\t\t<h1 class=\"elementor-heading-title elementor-size-default\">Sculpteur ornemaniste fran\u00e7ais<\/h1>\t\t\t\t<\/div>\n\t\t\t\t<\/div>\n\t\t\t\t<div class=\"elementor-element elementor-element-483c576d elementor-widget elementor-widget-text-editor\" data-id=\"483c576d\" data-element_type=\"widget\" data-e-type=\"widget\" data-widget_type=\"text-editor.default\">\n\t\t\t\t<div class=\"elementor-widget-container\">\n\t\t\t\t\t\t\t\t\t<p>Pierre Nagel d\u00e9couvre le monde de l&rsquo;ornementation et du mobilier en 2001 lors de ses \u00e9tudes \u00e0 l&rsquo;Ecole Boulle (Ecole Nationale Sup\u00e9rieure des Arts Appliqu\u00e9s) \u00e0 Paris, France o\u00f9 il se familiarise avec les techniques de sculpture sur bois et les styles ornementaux fran\u00e7ais.<\/p>\n<p>Apr\u00e8s avoir travaill\u00e9 comme sculpteur sur bois, Pierre accepte en 2009 la proposition de travailler avec la c\u00e9l\u00e8bre entreprise de Staff Auberlet &amp; Laurent \u00e0 Paris, o\u00f9 il con\u00e7oit et r\u00e9alise des mod\u00e8les en pl\u00e2tre, inspir\u00e9s pour la plupart des styles fran\u00e7ais.<\/p>\n<p>En 2015 il d\u00e9m\u00e9nage \u00e0 Avignon pour travailler \u00e0 l&rsquo; Atelier Jean Loup Bouvier. O\u00f9, Pierre s&rsquo;est sp\u00e9cialis\u00e9 dans la restauration de monuments historiques, la sculpture, et les travaux de staff et gypserie. Pendant son s\u00e9jour au sein des ateliers Bouvier , il a travaill\u00e9 sur de nombreux lieux prestigieux comme le Palais de l&rsquo;Elys\u00e9e (r\u00e9sidence pr\u00e9sidentielle fran\u00e7aise), la restauration de l&rsquo;h\u00f4tel Carlton et une vari\u00e9t\u00e9 de lieux historiques diff\u00e9rents du XVIIe au XVIIIe si\u00e8cle.<\/p>\n<p>Sa ma\u00eetrise des techniques traditionnelles anciennes et sa connaissance d&rsquo;une vari\u00e9t\u00e9 de mat\u00e9riaux diff\u00e9rents permettent \u00e0 Pierre d&rsquo;entreprendre n&rsquo;importe quel projet, des restaurations historiques \u00e0 la cr\u00e9ation de styles modernes en utilisant les derni\u00e8res techniques et mat\u00e9riaux.<\/p>\n\t\t\t\t\t\t\t\t<\/div>\n\t\t\t\t<\/div>\n\t\t\t\t\t<\/div>\n\t\t<\/div>\n\t\t\t\t\t<\/div>\n\t\t<\/section>\n\t\t\t\t<\/div>\n\t\t","protected":false},"excerpt":{"rendered":"<p>PIERRE NAGEL Sculpteur ornemaniste fran\u00e7ais Pierre Nagel d\u00e9couvre le monde de l&rsquo;ornementation et du mobilier en 2001 lors de ses \u00e9tudes \u00e0 l&rsquo;Ecole Boulle (Ecole Nationale Sup\u00e9rieure des Arts Appliqu\u00e9s) \u00e0 Paris, France o\u00f9 il se familiarise avec les techniques de sculpture sur bois et les styles ornementaux fran\u00e7ais. Apr\u00e8s avoir travaill\u00e9 comme sculpteur sur [&hellip;]<\/p>\n","protected":false},"author":1,"featured_media":3674,"parent":0,"menu_order":0,"comment_status":"closed","ping_status":"closed","template":"","meta":{"footnotes":""},"class_list":["post-3754","page","type-page","status-publish","has-post-thumbnail","hentry"],"yoast_head":"<!-- This site is optimized with the Yoast SEO plugin v27.3 - https:\/\/yoast.com\/product\/yoast-seo-wordpress\/ -->\n<title>Sculpteur fran\u00e7ais Pierre Nagel &#187; Ornamentesque<\/title>\n<meta name=\"description\" content=\"Sculpteur fran\u00e7ais ma\u00eetrisant les techniques traditionnelles anciennes et connaissant une grande vari\u00e9t\u00e9 de mat\u00e9riaux diff\u00e9rents. D\u00e9couvrez ses oeuvres!\" \/>\n<meta name=\"robots\" content=\"index, follow, max-snippet:-1, max-image-preview:large, max-video-preview:-1\" \/>\n<link rel=\"canonical\" href=\"https:\/\/ornamentesque.com\/fr\/sculpteur-francais-pierre-nagel\/\" \/>\n<meta property=\"og:locale\" content=\"fr_FR\" \/>\n<meta property=\"og:type\" content=\"article\" \/>\n<meta property=\"og:title\" content=\"Sculpteur fran\u00e7ais Pierre Nagel &#187; Ornamentesque\" \/>\n<meta property=\"og:description\" content=\"Sculpteur fran\u00e7ais ma\u00eetrisant les techniques traditionnelles anciennes et connaissant une grande vari\u00e9t\u00e9 de mat\u00e9riaux diff\u00e9rents. D\u00e9couvrez ses oeuvres!\" \/>\n<meta property=\"og:url\" content=\"https:\/\/ornamentesque.com\/fr\/sculpteur-francais-pierre-nagel\/\" \/>\n<meta property=\"og:site_name\" content=\"Ornamentesque\" \/>\n<meta property=\"article:modified_time\" content=\"2023-03-17T16:46:06+00:00\" \/>\n<meta property=\"og:image\" content=\"https:\/\/ornamentesque.com\/wp-content\/uploads\/2022\/11\/sculptor-artist-Pierre-Nagel.jpg\" \/>\n\t<meta property=\"og:image:width\" content=\"1500\" \/>\n\t<meta property=\"og:image:height\" content=\"1942\" \/>\n\t<meta property=\"og:image:type\" content=\"image\/jpeg\" \/>\n<meta name=\"twitter:card\" content=\"summary_large_image\" \/>\n<meta name=\"twitter:label1\" content=\"Dur\u00e9e de lecture estim\u00e9e\" \/>\n\t<meta name=\"twitter:data1\" content=\"2 minutes\" \/>\n<!-- \/ Yoast SEO plugin. -->","yoast_head_json":{"title":"Sculpteur fran\u00e7ais Pierre Nagel &#187; Ornamentesque","description":"Sculpteur fran\u00e7ais ma\u00eetrisant les techniques traditionnelles anciennes et connaissant une grande vari\u00e9t\u00e9 de mat\u00e9riaux diff\u00e9rents. D\u00e9couvrez ses oeuvres!","robots":{"index":"index","follow":"follow","max-snippet":"max-snippet:-1","max-image-preview":"max-image-preview:large","max-video-preview":"max-video-preview:-1"},"canonical":"https:\/\/ornamentesque.com\/fr\/sculpteur-francais-pierre-nagel\/","og_locale":"fr_FR","og_type":"article","og_title":"Sculpteur fran\u00e7ais Pierre Nagel &#187; Ornamentesque","og_description":"Sculpteur fran\u00e7ais ma\u00eetrisant les techniques traditionnelles anciennes et connaissant une grande vari\u00e9t\u00e9 de mat\u00e9riaux diff\u00e9rents. D\u00e9couvrez ses oeuvres!","og_url":"https:\/\/ornamentesque.com\/fr\/sculpteur-francais-pierre-nagel\/","og_site_name":"Ornamentesque","article_modified_time":"2023-03-17T16:46:06+00:00","og_image":[{"width":1500,"height":1942,"url":"https:\/\/ornamentesque.com\/wp-content\/uploads\/2022\/11\/sculptor-artist-Pierre-Nagel.jpg","type":"image\/jpeg"}],"twitter_card":"summary_large_image","twitter_misc":{"Dur\u00e9e de lecture estim\u00e9e":"2 minutes"},"schema":{"@context":"https:\/\/schema.org","@graph":[{"@type":"WebPage","@id":"https:\/\/ornamentesque.com\/fr\/sculpteur-francais-pierre-nagel\/","url":"https:\/\/ornamentesque.com\/fr\/sculpteur-francais-pierre-nagel\/","name":"Sculpteur fran\u00e7ais Pierre Nagel &#187; Ornamentesque","isPartOf":{"@id":"https:\/\/ornamentesque.com\/fr\/#website"},"primaryImageOfPage":{"@id":"https:\/\/ornamentesque.com\/fr\/sculpteur-francais-pierre-nagel\/#primaryimage"},"image":{"@id":"https:\/\/ornamentesque.com\/fr\/sculpteur-francais-pierre-nagel\/#primaryimage"},"thumbnailUrl":"https:\/\/ornamentesque.com\/wp-content\/uploads\/2022\/11\/sculptor-artist-Pierre-Nagel.jpg","datePublished":"2022-06-27T09:22:58+00:00","dateModified":"2023-03-17T16:46:06+00:00","description":"Sculpteur fran\u00e7ais ma\u00eetrisant les techniques traditionnelles anciennes et connaissant une grande vari\u00e9t\u00e9 de mat\u00e9riaux diff\u00e9rents. D\u00e9couvrez ses oeuvres!","breadcrumb":{"@id":"https:\/\/ornamentesque.com\/fr\/sculpteur-francais-pierre-nagel\/#breadcrumb"},"inLanguage":"fr-FR","potentialAction":[{"@type":"ReadAction","target":["https:\/\/ornamentesque.com\/fr\/sculpteur-francais-pierre-nagel\/"]}]},{"@type":"ImageObject","inLanguage":"fr-FR","@id":"https:\/\/ornamentesque.com\/fr\/sculpteur-francais-pierre-nagel\/#primaryimage","url":"https:\/\/ornamentesque.com\/wp-content\/uploads\/2022\/11\/sculptor-artist-Pierre-Nagel.jpg","contentUrl":"https:\/\/ornamentesque.com\/wp-content\/uploads\/2022\/11\/sculptor-artist-Pierre-Nagel.jpg","width":1500,"height":1942,"caption":"Sculptor fran\u00e7ais Pierre Nagel"},{"@type":"BreadcrumbList","@id":"https:\/\/ornamentesque.com\/fr\/sculpteur-francais-pierre-nagel\/#breadcrumb","itemListElement":[{"@type":"ListItem","position":1,"name":"Home","item":"https:\/\/ornamentesque.com\/fr\/langage-artistique\/"},{"@type":"ListItem","position":2,"name":"Pierre Nagel"}]},{"@type":"WebSite","@id":"https:\/\/ornamentesque.com\/fr\/#website","url":"https:\/\/ornamentesque.com\/fr\/","name":"Ornamentesque","description":"Une nouvelle approche et un nouveau langage artistique","publisher":{"@id":"https:\/\/ornamentesque.com\/fr\/#organization"},"potentialAction":[{"@type":"SearchAction","target":{"@type":"EntryPoint","urlTemplate":"https:\/\/ornamentesque.com\/fr\/?s={search_term_string}"},"query-input":{"@type":"PropertyValueSpecification","valueRequired":true,"valueName":"search_term_string"}}],"inLanguage":"fr-FR"},{"@type":"Organization","@id":"https:\/\/ornamentesque.com\/fr\/#organization","name":"Ornamentesque","url":"https:\/\/ornamentesque.com\/fr\/","logo":{"@type":"ImageObject","inLanguage":"fr-FR","@id":"https:\/\/ornamentesque.com\/fr\/#\/schema\/logo\/image\/","url":"https:\/\/ornamentesque.com\/wp-content\/uploads\/2022\/12\/ornamentesque-ornamenti-contrapposto.png","contentUrl":"https:\/\/ornamentesque.com\/wp-content\/uploads\/2022\/12\/ornamentesque-ornamenti-contrapposto.png","width":600,"height":667,"caption":"Ornamentesque"},"image":{"@id":"https:\/\/ornamentesque.com\/fr\/#\/schema\/logo\/image\/"}}]}},"_links":{"self":[{"href":"https:\/\/ornamentesque.com\/fr\/wp-json\/wp\/v2\/pages\/3754","targetHints":{"allow":["GET"]}}],"collection":[{"href":"https:\/\/ornamentesque.com\/fr\/wp-json\/wp\/v2\/pages"}],"about":[{"href":"https:\/\/ornamentesque.com\/fr\/wp-json\/wp\/v2\/types\/page"}],"author":[{"embeddable":true,"href":"https:\/\/ornamentesque.com\/fr\/wp-json\/wp\/v2\/users\/1"}],"replies":[{"embeddable":true,"href":"https:\/\/ornamentesque.com\/fr\/wp-json\/wp\/v2\/comments?post=3754"}],"version-history":[{"count":4,"href":"https:\/\/ornamentesque.com\/fr\/wp-json\/wp\/v2\/pages\/3754\/revisions"}],"predecessor-version":[{"id":4702,"href":"https:\/\/ornamentesque.com\/fr\/wp-json\/wp\/v2\/pages\/3754\/revisions\/4702"}],"wp:featuredmedia":[{"embeddable":true,"href":"https:\/\/ornamentesque.com\/fr\/wp-json\/wp\/v2\/media\/3674"}],"wp:attachment":[{"href":"https:\/\/ornamentesque.com\/fr\/wp-json\/wp\/v2\/media?parent=3754"}],"curies":[{"name":"wp","href":"https:\/\/api.w.org\/{rel}","templated":true}]}}